{"id":164,"date":"2021-06-15T21:15:51","date_gmt":"2021-06-15T19:15:51","guid":{"rendered":"https:\/\/turlavasskola.kuldiga.lv\/?page_id=164"},"modified":"2026-01-10T21:00:57","modified_gmt":"2026-01-10T19:00:57","slug":"projekti","status":"publish","type":"page","link":"https:\/\/turlavasskola.kuldiga.lv\/index.php\/projekti\/","title":{"rendered":"PROJEKTI"},"content":{"rendered":"\r\n<ul class=\"wp-block-list\">\r\n<li style=\"list-style-type: none\">\r\n<ul>\r\n<li>STEM un pilsonisk\u0101s l\u012bdzdal\u012bbas norises pla\u0161\u0101kai izgl\u012bt\u012bbas pieredzei un karjeras izv\u0113lei<\/li>\r\n<li><a href=\"https:\/\/turlavasskola.kuldiga.lv\/index.php\/latvijas-skolas-soma\/\">Latvijas skolas soma<\/a><\/li>\r\n<li><a href=\"https:\/\/turlavasskola.kuldiga.lv\/index.php\/pumpurs\/\">Erasmus+ l\u012bdzdal\u012bbas projekts &#8220;B\u016bt drosm\u012bgam &#8211; nav kauns!&#8221;<\/a><\/li>\r\n<\/ul>\r\n<\/li>\r\n<\/ul>\r\n<p>&nbsp;<\/p>\r\n\r\n\r\n\r\n<h1 class=\"h2 text-blue\">\u00a0<\/h1>\r\n","protected":false},"excerpt":{"rendered":"<p>STEM un pilsonisk\u0101s l\u012bdzdal\u012bbas norises pla\u0161\u0101kai izgl\u012bt\u012bbas pieredzei un karjeras izv\u0113lei Latvijas skolas soma Erasmus+ l\u012bdzdal\u012bbas projekts &#8220;B\u016bt drosm\u012bgam &#8211; nav kauns!&#8221; &nbsp; \u00a0<\/p>\n","protected":false},"author":4,"featured_media":0,"parent":0,"menu_order":0,"comment_status":"closed","ping_status":"closed","template":"","meta":{"footnotes":""},"class_list":["post-164","page","type-page","status-publish","hentry"],"_links":{"self":[{"href":"https:\/\/turlavasskola.kuldiga.lv\/index.php\/wp-json\/wp\/v2\/pages\/164"}],"collection":[{"href":"https:\/\/turlavasskola.kuldiga.lv\/index.php\/wp-json\/wp\/v2\/pages"}],"about":[{"href":"https:\/\/turlavasskola.kuldiga.lv\/index.php\/wp-json\/wp\/v2\/types\/page"}],"author":[{"embeddable":true,"href":"https:\/\/turlavasskola.kuldiga.lv\/index.php\/wp-json\/wp\/v2\/users\/4"}],"replies":[{"embeddable":true,"href":"https:\/\/turlavasskola.kuldiga.lv\/index.php\/wp-json\/wp\/v2\/comments?post=164"}],"version-history":[{"count":9,"href":"https:\/\/turlavasskola.kuldiga.lv\/index.php\/wp-json\/wp\/v2\/pages\/164\/revisions"}],"predecessor-version":[{"id":3448,"href":"https:\/\/turlavasskola.kuldiga.lv\/index.php\/wp-json\/wp\/v2\/pages\/164\/revisions\/3448"}],"wp:attachment":[{"href":"https:\/\/turlavasskola.kuldiga.lv\/index.php\/wp-json\/wp\/v2\/media?parent=164"}],"curies":[{"name":"wp","href":"https:\/\/api.w.org\/{rel}","templated":true}]}}