{"id":171,"date":"2021-06-15T21:24:31","date_gmt":"2021-06-15T19:24:31","guid":{"rendered":"https:\/\/turlavasskola.kuldiga.lv\/?page_id=171"},"modified":"2025-09-05T09:13:16","modified_gmt":"2025-09-05T07:13:16","slug":"kontakti","status":"publish","type":"page","link":"https:\/\/turlavasskola.kuldiga.lv\/index.php\/kontakti\/","title":{"rendered":"KONTAKTI"},"content":{"rendered":"\r\n<p><strong>Adrese:<\/strong> &#8220;Skola&#8221;, Turlava, Turlavas pagasts, Kuld\u012bgas novads, LV-3329<\/p>\r\n\r\n\r\n\r\n<p>E-pasts: \u00a0<a class=\"\" href=\"mailto:TURLAVASSKOLA@KULDIGA.LV\">turlavasskola@kuldiga.lv<\/a><\/p>\r\n<p><strong>De\u017eurante<\/strong> &#8211; <strong>22039078<\/strong><\/p>\r\n<table>\r\n<tbody>\r\n<tr>\r\n<td width=\"184\">\r\n<p><strong>Direktore<\/strong><\/p>\r\n<\/td>\r\n<td width=\"184\">\r\n<p>JOLANTA HERCENBERGA<\/p>\r\n<\/td>\r\n<td width=\"184\">\r\n<p>&nbsp;<\/p>\r\n<p><strong>29991080 <\/strong>jolanta.hercenberga@kuldigasnovads.lv<\/p>\r\n<p>Direktores <strong>pie\u0146em\u0161anas laiki\u00a0 &#8211; <\/strong>\u00a0<strong>jebkur\u0101 darba dien\u0101, iepriek\u0161 par tik\u0161anos vienojoties pa telefonu.\u00a0<\/strong><\/p>\r\n<\/td>\r\n<\/tr>\r\n<tr>\r\n<td width=\"184\">\r\n<p><strong>Direktores vietniece izgl\u012bt\u012bbas jom\u0101<\/strong><\/p>\r\n<\/td>\r\n<td width=\"184\">\r\n<p>SIGNE L\u016aSE<\/p>\r\n<\/td>\r\n<td width=\"184\">\r\n<p><strong>26032155<\/strong><\/p>\r\n<\/td>\r\n<\/tr>\r\n<tr>\r\n<td width=\"184\">\r\n<p><strong>Direktores vietniece saimnieciskajos jaut\u0101jumos<\/strong><\/p>\r\n<\/td>\r\n<td width=\"184\">\r\n<p>ANDA PIRTNIECE<\/p>\r\n<\/td>\r\n<td width=\"184\">\r\n<p><strong>28825035<\/strong><\/p>\r\n<\/td>\r\n<\/tr>\r\n<tr>\r\n<td width=\"184\">\r\n<p><strong>Lietvede<\/strong><\/p>\r\n<p>&nbsp;<\/p>\r\n<\/td>\r\n<td width=\"184\">\r\n<p>IRENA AGRA \u0160\u0112LE<\/p>\r\n<\/td>\r\n<td width=\"184\">\r\n<p><strong>28321247<\/strong><\/p>\r\n<\/td>\r\n<\/tr>\r\n<tr>\r\n<td width=\"184\">\r\n<p><strong>Vec\u0101k\u0101 pav\u0101re<\/strong><\/p>\r\n<p><strong>(pusdienu atteik\u0161ana\/pieteik\u0161ana)<\/strong><\/p>\r\n<\/td>\r\n<td width=\"184\">\r\n<p>AINA BULLE<\/p>\r\n<p>&nbsp;<\/p>\r\n<\/td>\r\n<td width=\"184\">\r\n<p>&nbsp;<\/p>\r\n<p><strong>28300989<\/strong><\/p>\r\n<p>&nbsp;<\/p>\r\n<\/td>\r\n<\/tr>\r\n<\/tbody>\r\n<\/table>\r\n<p>\r\n\r\n<\/p>\r\n<p>&nbsp;<\/p>","protected":false},"excerpt":{"rendered":"<p>Adrese: &#8220;Skola&#8221;, Turlava, Turlavas pagasts, Kuld\u012bgas novads, LV-3329 E-pasts: \u00a0turlavasskola@kuldiga.lv De\u017eurante &#8211; 22039078 Direktore JOLANTA HERCENBERGA &nbsp; 29991080 jolanta.hercenberga@kuldigasnovads.lv Direktores pie\u0146em\u0161anas laiki\u00a0 &#8211; \u00a0jebkur\u0101 darba dien\u0101, iepriek\u0161 par tik\u0161anos vienojoties pa telefonu.\u00a0 Direktores vietniece izgl\u012bt\u012bbas jom\u0101 SIGNE L\u016aSE 26032155 Direktores vietniece saimnieciskajos jaut\u0101jumos ANDA PIRTNIECE 28825035 Lietvede &nbsp; IRENA AGRA \u0160\u0112LE 28321247 Vec\u0101k\u0101 pav\u0101re (pusdienu &hellip; <\/p>\n<p class=\"link-more\"><a href=\"https:\/\/turlavasskola.kuldiga.lv\/index.php\/kontakti\/\" class=\"more-link\">Turpin\u0101t las\u012bt<span class=\"screen-reader-text\"> &#8220;KONTAKTI&#8221;<\/span><\/a><\/p>\n","protected":false},"author":4,"featured_media":0,"parent":0,"menu_order":0,"comment_status":"closed","ping_status":"closed","template":"","meta":{"footnotes":""},"class_list":["post-171","page","type-page","status-publish","hentry"],"_links":{"self":[{"href":"https:\/\/turlavasskola.kuldiga.lv\/index.php\/wp-json\/wp\/v2\/pages\/171"}],"collection":[{"href":"https:\/\/turlavasskola.kuldiga.lv\/index.php\/wp-json\/wp\/v2\/pages"}],"about":[{"href":"https:\/\/turlavasskola.kuldiga.lv\/index.php\/wp-json\/wp\/v2\/types\/page"}],"author":[{"embeddable":true,"href":"https:\/\/turlavasskola.kuldiga.lv\/index.php\/wp-json\/wp\/v2\/users\/4"}],"replies":[{"embeddable":true,"href":"https:\/\/turlavasskola.kuldiga.lv\/index.php\/wp-json\/wp\/v2\/comments?post=171"}],"version-history":[{"count":16,"href":"https:\/\/turlavasskola.kuldiga.lv\/index.php\/wp-json\/wp\/v2\/pages\/171\/revisions"}],"predecessor-version":[{"id":3191,"href":"https:\/\/turlavasskola.kuldiga.lv\/index.php\/wp-json\/wp\/v2\/pages\/171\/revisions\/3191"}],"wp:attachment":[{"href":"https:\/\/turlavasskola.kuldiga.lv\/index.php\/wp-json\/wp\/v2\/media?parent=171"}],"curies":[{"name":"wp","href":"https:\/\/api.w.org\/{rel}","templated":true}]}}