{"id":185,"date":"2021-06-15T21:38:57","date_gmt":"2021-06-15T19:38:57","guid":{"rendered":"https:\/\/turlavasskola.kuldiga.lv\/?page_id=185"},"modified":"2026-01-10T23:39:51","modified_gmt":"2026-01-10T21:39:51","slug":"musu-komanda","status":"publish","type":"page","link":"https:\/\/turlavasskola.kuldiga.lv\/index.php\/musu-komanda\/","title":{"rendered":"M\u016bsu komanda"},"content":{"rendered":"\r\n<p class=\"has-text-align-center has-medium-font-size\"><strong>Pedagogi<\/strong><\/p>\r\n\r\n\r\n\r\n<div class=\"wp-block-group\"><div class=\"wp-block-group__inner-container is-layout-flow wp-block-group-is-layout-flow\">\r\n<figure class=\"wp-block-table is-style-stripes\">\r\n<table style=\"height: 2824px;\" width=\"362\">\r\n<tbody>\r\n<tr>\r\n<td><strong>Aija Botsmane<\/strong><\/td>\r\n<td>\r\n<p>Latvie\u0161u valoda 4.-9.kl.,<\/p>\r\n<p>literat\u016bra\u00a0 4. -9. klasei,<br \/>te\u0101tra m\u0101ksla 5., 7. kl.<\/p>\r\n<\/td>\r\n<td>\u00a08 .klases audzin\u0101t\u0101ja<\/td>\r\n<\/tr>\r\n<tr>\r\n<td><strong>Aleta Lipsne<\/strong><\/td>\r\n<td>M\u016bzika pirmsskolai, 1.-9. klasei<\/td>\r\n<td>\u00a0<\/td>\r\n<\/tr>\r\n<tr>\r\n<td><strong>Gunta Freimane<\/strong><\/td>\r\n<td>S\u0101kumskolas skolot\u0101ja<\/td>\r\n<td>3. klases audzin\u0101t\u0101ja<\/td>\r\n<\/tr>\r\n<tr>\r\n<td><strong>Ilona Freimane<\/strong><\/td>\r\n<td>Matem\u0101tika 4.-9. klasei<\/td>\r\n<td>\u00a0<\/td>\r\n<\/tr>\r\n<tr>\r\n<td><strong>Lauma Astra Gr\u012bnvalde<\/strong><\/td>\r\n<td>Vizu\u0101l\u0101 m\u0101ksla 1. -9. klasei<\/td>\r\n<td>\u00a0<\/td>\r\n<\/tr>\r\n<tr>\r\n<td><strong>L\u012bga Gulbe<\/strong><\/td>\r\n<td>Datorika 4.-9.klasei<\/td>\r\n<td>\u00a0<\/td>\r\n<\/tr>\r\n<tr>\r\n<td><strong>Mud\u012bte Kobe\u013ceva<\/strong><\/td>\r\n<td>S\u0101kumskolas skolot\u0101ja,<br \/>krievu valoda 5.-9. klasei,<\/td>\r\n<td>1. un 2. klases audzin\u0101t\u0101ja<\/td>\r\n<\/tr>\r\n<tr>\r\n<td><strong>Elita Lampa<\/strong><\/td>\r\n<td>Biolo\u0123ija 7.-9. klasei,<br \/>\u0123eogr\u0101fija 7.-9. klasei<\/td>\r\n<td>\u00a0<\/td>\r\n<\/tr>\r\n<tr>\r\n<td><strong>Madara Nik\u0101ze<\/strong><\/td>\r\n<td>Sports 1.-9. klasei<\/td>\r\n<td>\u00a0<\/td>\r\n<\/tr>\r\n<tr>\r\n<td>\r\n<p><strong>In\u0101ra Uzul\u0113na<\/strong><\/p>\r\n<p><strong>Silvija Herca<\/strong><\/p>\r\n<\/td>\r\n<td>\r\n<p>&nbsp;<\/p>\r\n<p>Latvijas un pasaules v\u0113sture 7.-9. klasei.<\/p>\r\n<p>Soci\u0101l\u0101s zin\u012bbas un v\u0113sture 6.klasei, soci\u0101l\u0101s zin\u012bbas 7.,8.,9.klasei<\/p>\r\n<\/td>\r\n<td>\u00a0<\/td>\r\n<\/tr>\r\n<tr>\r\n<td><strong>Zane Veigelte<\/strong><\/td>\r\n<td>\r\n<p>Ang\u013cu valoda 1.-6. klasei, soci\u0101l\u0101s zin\u012bbas 4.,5.klasei<\/p>\r\n<p>Dabaszin\u012bbas 4.-5.klasei<\/p>\r\n<\/td>\r\n<td>7. un 9. klases audzin\u0101t\u0101ja<\/td>\r\n<\/tr>\r\n<tr>\r\n<td><strong>Antra Vilsone<\/strong><\/td>\r\n<td>Ang\u013cu valoda 7.-9. klasei<\/td>\r\n<td>\u00a0<\/td>\r\n<\/tr>\r\n<tr>\r\n<td><strong>Juris Zauers<\/strong><\/td>\r\n<td>\u00a0In\u017eenierzin\u0101tnes 7. klasei,<br \/>fizika 8.-9. klasei<\/td>\r\n<td>\u00a0<\/td>\r\n<\/tr>\r\n<tr>\r\n<td><strong>\u0145ina Zemurbeja<\/strong><\/td>\r\n<td>Dabaszin\u012bbas 6. klasei,<br \/>\u0137\u012bmija 8.-9. klasei<\/td>\r\n<td>\u00a0<\/td>\r\n<\/tr>\r\n<tr>\r\n<td><strong>Signe L\u016bse<\/strong><\/td>\r\n<td>Dizains un tehnolo\u0123ijas 1.-9.klasei<\/td>\r\n<td>5. un 6. klases audzin\u0101t\u0101ja<\/td>\r\n<\/tr>\r\n<tr>\r\n<td>\u00a0<\/td>\r\n<td>\u00a0<\/td>\r\n<td>\u00a0<\/td>\r\n<\/tr>\r\n<tr>\r\n<td>\r\n<p><strong>D\u017e<\/strong><strong style=\"font-family: inherit; font-size: inherit;\">anita Freija<\/strong><\/p>\r\n<p>&nbsp;<\/p>\r\n<p><strong>Gunta Kr\u016bmi\u0146a<\/strong><\/p>\r\n<\/td>\r\n<td>\r\n<p>Pirmsskolas pedago\u0123e<\/p>\r\n<p>&nbsp;<\/p>\r\n<p>Pirmsskolas pedago\u0123e<\/p>\r\n<\/td>\r\n<td>\r\n<p>Grupas \u201cL\u0101\u010duks\u201d (1,5-3 gadi) skolot\u0101ja<\/p>\r\n<p>Grupas \u201cL\u0101\u010duks\u201d (1,5-3 gadi) skolot\u0101ja<\/p>\r\n<\/td>\r\n<\/tr>\r\n<tr>\r\n<td>\r\n<p><strong>Monta D\u0101rzi\u0146a<\/strong><\/p>\r\n<p>&nbsp;<\/p>\r\n<p><strong>Dagnija Pulture<\/strong><\/p>\r\n<\/td>\r\n<td>\r\n<p>S\u0101kumizgl\u012bt\u012bbas skolot\u0101ja<\/p>\r\n<p>&nbsp;<\/p>\r\n<p>S\u0101kumizgl\u012bt\u012bbas skolot\u0101ja<\/p>\r\n<\/td>\r\n<td>\r\n<p>Grupas &#8220;P\u016bc\u012btes&#8221; (4 &#8211; 6 gadi) skolot\u0101ja<\/p>\r\n<p>Grupas &#8220;P\u016bc\u012btes&#8221; (4 &#8211; 6 gadi) skolot\u0101ja<\/p>\r\n<\/td>\r\n<\/tr>\r\n<tr>\r\n<td>\r\n<p><strong>Vaira Rudzroga<\/strong><\/p>\r\n<\/td>\r\n<td>\r\n<p>Pirmsskolas pedago\u0123e<\/p>\r\n<\/td>\r\n<td>\r\n<p>Serm\u012bt\u0113 grupas &#8220;Pel\u012btes&#8221; (1,5 -6 gadi) skolot\u0101ja<\/p>\r\n<\/td>\r\n<\/tr>\r\n<tr>\r\n<td>\u00a0<\/td>\r\n<td>\u00a0<\/td>\r\n<td>\u00a0<\/td>\r\n<\/tr>\r\n<tr>\r\n<td>\u00a0<\/td>\r\n<td>\u00a0<\/td>\r\n<td>\u00a0<\/td>\r\n<\/tr>\r\n<\/tbody>\r\n<\/table>\r\n<\/figure>\r\n\r\n\r\n\r\n<h2 class=\"has-text-align-center has-medium-font-size wp-block-heading\"><strong>Atbalsta person\u0101ls<\/strong><\/h2>\r\n\r\n\r\n\r\n<figure class=\"wp-block-table\">\r\n<table>\r\n<tbody>\r\n<tr>\r\n<td><strong>Marta Lapsa<\/strong><\/td>\r\n<td>logop\u0113de<\/td>\r\n<\/tr>\r\n<tr>\r\n<td><strong>Inta Brantevica<\/strong><\/td>\r\n<td>skolas psiholo\u0123e<\/td>\r\n<\/tr>\r\n<tr>\r\n<td><strong>Inese P\u016bre<\/strong><\/td>\r\n<td>speci\u0101l\u0101 pedago\u0123e<\/td>\r\n<\/tr>\r\n<\/tbody>\r\n<\/table>\r\n<p><strong style=\"color: #666666; font-size: 1.25rem;\">Tehniskie darbinieki<\/strong><\/p>\r\n<\/figure>\r\n\r\n\r\n\r\n<figure class=\"wp-block-table is-style-stripes\">\r\n<table>\r\n<tbody>\r\n<tr>\r\n<td><strong>Guntra Barinska<\/strong><\/td>\r\n<td>de\u017eurante<\/td>\r\n<\/tr>\r\n<tr>\r\n<td><strong>Irena Agra \u0160\u0113le<\/strong><\/td>\r\n<td>lietvede<\/td>\r\n<\/tr>\r\n<tr>\r\n<td><strong>Aina Bulle<\/strong><\/td>\r\n<td>vec\u0101k\u0101 pav\u0101re<\/td>\r\n<\/tr>\r\n<tr>\r\n<td><strong>Ksenija Kaizere<\/strong><\/td>\r\n<td>pav\u0101re<\/td>\r\n<\/tr>\r\n<tr>\r\n<td><strong>Gunita Junkere<\/strong><\/td>\r\n<td>pav\u0101res pal\u012bdze<\/td>\r\n<\/tr>\r\n<tr>\r\n<td><strong>Anda Pirtniece<\/strong><\/td>\r\n<td>saimniec\u012bbas da\u013cas vad\u012bt\u0101ja<\/td>\r\n<\/tr>\r\n<tr>\r\n<td><strong>In\u0101ra D\u0113nava<\/strong><\/td>\r\n<td>pedagoga pal\u012bdze<\/td>\r\n<\/tr>\r\n<tr>\r\n<td><strong>Laura Pel\u0113k\u0101<\/strong><\/td>\r\n<td>pedagoga pal\u012bdze<\/td>\r\n<\/tr>\r\n<tr>\r\n<td><strong>Dinnija Odi\u0146a<\/strong><\/td>\r\n<td>pedagoga pal\u012bdze Serm\u012bt\u0113<\/td>\r\n<\/tr>\r\n<tr>\r\n<td><strong>Marita Buta<\/strong><\/td>\r\n<td>pedagoga pal\u012bdze Serm\u012bt\u0113<\/td>\r\n<\/tr>\r\n<tr>\r\n<td><strong>Zaiga Str\u012b\u0137e<\/strong><\/td>\r\n<td>apkop\u0113ja<\/td>\r\n<\/tr>\r\n<tr>\r\n<td><strong>Irita Danenberga<\/strong><\/td>\r\n<td>apkop\u0113ja<\/td>\r\n<\/tr>\r\n<tr>\r\n<td><strong>Monta B\u0113rica\u00a0<\/strong><\/td>\r\n<td>s\u0113tniece<\/td>\r\n<\/tr>\r\n<tr>\r\n<td>\u00a0<\/td>\r\n<td>\u00a0<\/td>\r\n<\/tr>\r\n<tr>\r\n<td>\u00a0<\/td>\r\n<td>\u00a0<\/td>\r\n<\/tr>\r\n<\/tbody>\r\n<\/table>\r\n<\/figure>\r\n\r\n\r\n\r\n<p>&nbsp;<\/p>\r\n<\/div><\/div>\r\n","protected":false},"excerpt":{"rendered":"<p>Pedagogi Aija Botsmane Latvie\u0161u valoda 4.-9.kl., literat\u016bra\u00a0 4. -9. klasei,te\u0101tra m\u0101ksla 5., 7. kl. \u00a08 .klases audzin\u0101t\u0101ja Aleta Lipsne M\u016bzika pirmsskolai, 1.-9. klasei \u00a0 Gunta Freimane S\u0101kumskolas skolot\u0101ja 3. klases audzin\u0101t\u0101ja Ilona Freimane Matem\u0101tika 4.-9. klasei \u00a0 Lauma Astra Gr\u012bnvalde Vizu\u0101l\u0101 m\u0101ksla 1. -9. klasei \u00a0 L\u012bga Gulbe Datorika 4.-9.klasei \u00a0 Mud\u012bte Kobe\u013ceva S\u0101kumskolas skolot\u0101ja,krievu &hellip; <\/p>\n<p class=\"link-more\"><a href=\"https:\/\/turlavasskola.kuldiga.lv\/index.php\/musu-komanda\/\" class=\"more-link\">Turpin\u0101t las\u012bt<span class=\"screen-reader-text\"> &#8220;M\u016bsu komanda&#8221;<\/span><\/a><\/p>\n","protected":false},"author":4,"featured_media":0,"parent":0,"menu_order":0,"comment_status":"closed","ping_status":"closed","template":"","meta":{"footnotes":""},"class_list":["post-185","page","type-page","status-publish","hentry"],"_links":{"self":[{"href":"https:\/\/turlavasskola.kuldiga.lv\/index.php\/wp-json\/wp\/v2\/pages\/185"}],"collection":[{"href":"https:\/\/turlavasskola.kuldiga.lv\/index.php\/wp-json\/wp\/v2\/pages"}],"about":[{"href":"https:\/\/turlavasskola.kuldiga.lv\/index.php\/wp-json\/wp\/v2\/types\/page"}],"author":[{"embeddable":true,"href":"https:\/\/turlavasskola.kuldiga.lv\/index.php\/wp-json\/wp\/v2\/users\/4"}],"replies":[{"embeddable":true,"href":"https:\/\/turlavasskola.kuldiga.lv\/index.php\/wp-json\/wp\/v2\/comments?post=185"}],"version-history":[{"count":36,"href":"https:\/\/turlavasskola.kuldiga.lv\/index.php\/wp-json\/wp\/v2\/pages\/185\/revisions"}],"predecessor-version":[{"id":3496,"href":"https:\/\/turlavasskola.kuldiga.lv\/index.php\/wp-json\/wp\/v2\/pages\/185\/revisions\/3496"}],"wp:attachment":[{"href":"https:\/\/turlavasskola.kuldiga.lv\/index.php\/wp-json\/wp\/v2\/media?parent=185"}],"curies":[{"name":"wp","href":"https:\/\/api.w.org\/{rel}","templated":true}]}}