{"id":2020,"date":"2024-04-16T13:04:50","date_gmt":"2024-04-16T11:04:50","guid":{"rendered":"https:\/\/turlavasskola.kuldiga.lv\/?page_id=2020"},"modified":"2024-07-25T09:27:35","modified_gmt":"2024-07-25T07:27:35","slug":"par-skolu","status":"publish","type":"page","link":"https:\/\/turlavasskola.kuldiga.lv\/index.php\/par-skolu\/","title":{"rendered":"PAR SKOLU"},"content":{"rendered":"\n<ul class=\"wp-block-list\"><li><a href=\"https:\/\/turlavasskola.kuldiga.lv\/index.php\/vertibas\/\">V\u0113rt\u012bbas<\/a><\/li><li><a href=\"https:\/\/turlavasskola.kuldiga.lv\/index.php\/dokumentacija\/\">Dokument\u0101cija<\/a><\/li><li><a href=\"https:\/\/turlavasskola.kuldiga.lv\/index.php\/musu-komanda\/\">M\u016bsu komanda<\/a><\/li><li><a href=\"https:\/\/turlavasskola.kuldiga.lv\/index.php\/skolas-padome\/\">Skolas padome<\/a><\/li><li><a href=\"https:\/\/turlavasskola.kuldiga.lv\/index.php\/skolenu-lidzparvalde\/\">Skol\u0113nu l\u012bdzp\u0101rvalde<\/a><\/li><li><a href=\"https:\/\/turlavasskola.kuldiga.lv\/index.php\/absolventi\/\">Absolventi<\/a><\/li><li><a href=\"https:\/\/turlavasskola.kuldiga.lv\/index.php\/autobusa-kursesanas-laiks\/\">Autobusu kurs\u0113\u0161anas laiks<\/a><\/li><li><a href=\"https:\/\/turlavasskola.kuldiga.lv\/index.php\/skolas-vesture\/\">Skolas v\u0113sture<\/a><\/li><li><a href=\"https:\/\/turlavasskola.kuldiga.lv\/index.php\/tradicijas\/\">Trad\u012bcijas<\/a><\/li><\/ul>\n\n\n\n<p><\/p>\n","protected":false},"excerpt":{"rendered":"<p>V\u0113rt\u012bbas Dokument\u0101cija M\u016bsu komanda Skolas padome Skol\u0113nu l\u012bdzp\u0101rvalde Absolventi Autobusu kurs\u0113\u0161anas laiks Skolas v\u0113sture Trad\u012bcijas<\/p>\n","protected":false},"author":4,"featured_media":0,"parent":0,"menu_order":0,"comment_status":"closed","ping_status":"closed","template":"","meta":{"footnotes":""},"class_list":["post-2020","page","type-page","status-publish","hentry"],"_links":{"self":[{"href":"https:\/\/turlavasskola.kuldiga.lv\/index.php\/wp-json\/wp\/v2\/pages\/2020"}],"collection":[{"href":"https:\/\/turlavasskola.kuldiga.lv\/index.php\/wp-json\/wp\/v2\/pages"}],"about":[{"href":"https:\/\/turlavasskola.kuldiga.lv\/index.php\/wp-json\/wp\/v2\/types\/page"}],"author":[{"embeddable":true,"href":"https:\/\/turlavasskola.kuldiga.lv\/index.php\/wp-json\/wp\/v2\/users\/4"}],"replies":[{"embeddable":true,"href":"https:\/\/turlavasskola.kuldiga.lv\/index.php\/wp-json\/wp\/v2\/comments?post=2020"}],"version-history":[{"count":3,"href":"https:\/\/turlavasskola.kuldiga.lv\/index.php\/wp-json\/wp\/v2\/pages\/2020\/revisions"}],"predecessor-version":[{"id":2229,"href":"https:\/\/turlavasskola.kuldiga.lv\/index.php\/wp-json\/wp\/v2\/pages\/2020\/revisions\/2229"}],"wp:attachment":[{"href":"https:\/\/turlavasskola.kuldiga.lv\/index.php\/wp-json\/wp\/v2\/media?parent=2020"}],"curies":[{"name":"wp","href":"https:\/\/api.w.org\/{rel}","templated":true}]}}