{"id":204,"date":"2021-06-15T21:41:32","date_gmt":"2021-06-15T19:41:32","guid":{"rendered":"https:\/\/turlavasskola.kuldiga.lv\/?page_id=204"},"modified":"2026-01-11T00:00:20","modified_gmt":"2026-01-10T22:00:20","slug":"absolventi","status":"publish","type":"page","link":"https:\/\/turlavasskola.kuldiga.lv\/index.php\/absolventi\/","title":{"rendered":"Absolventi"},"content":{"rendered":"\r\n<h2 class=\"wp-block-heading\"><strong>2024.\/2025. m.g. absolventi<\/strong><\/h2>\r\n<p>Patr\u012bcija Barinska, Markuss Brauns, Kristi\u0101ns Freijs, Keita Kellija Kanneniece, Nils Rajs Krilovs, Sintija Neilande, Kristi\u0101ns Ozoli\u0146\u0161, Elvis Pel\u0113kais, Baiba V\u0113jk\u0101ja.<\/p>\r\n<h2><strong>2023.\/2024. m.g. absolventi<\/strong><\/h2>\r\n<p><img loading=\"lazy\" decoding=\"async\" class=\"alignnone  wp-image-2612\" src=\"http:\/\/turlavasskola.kuldiga.lv\/wp-content\/uploads\/2024\/12\/WhatsApp-Image-2024-12-01-at-17_12_43_e70f5499-300x200.jpg\" alt=\"\" width=\"509\" height=\"339\" srcset=\"https:\/\/turlavasskola.kuldiga.lv\/wp-content\/uploads\/2024\/12\/WhatsApp-Image-2024-12-01-at-17_12_43_e70f5499-300x200.jpg 300w, https:\/\/turlavasskola.kuldiga.lv\/wp-content\/uploads\/2024\/12\/WhatsApp-Image-2024-12-01-at-17_12_43_e70f5499-1024x683.jpg 1024w, https:\/\/turlavasskola.kuldiga.lv\/wp-content\/uploads\/2024\/12\/WhatsApp-Image-2024-12-01-at-17_12_43_e70f5499-768x512.jpg 768w, https:\/\/turlavasskola.kuldiga.lv\/wp-content\/uploads\/2024\/12\/WhatsApp-Image-2024-12-01-at-17_12_43_e70f5499-1536x1024.jpg 1536w, https:\/\/turlavasskola.kuldiga.lv\/wp-content\/uploads\/2024\/12\/WhatsApp-Image-2024-12-01-at-17_12_43_e70f5499.jpg 1599w\" sizes=\"(max-width: 509px) 100vw, 509px\" \/><\/p>\r\n<p><span style=\"font-size: 1rem;\">Melanija Elma Gulbe,\u00a0<\/span><span style=\"font-size: 1rem;\">Linda Eiermane, skolot\u0101ja Ieva Lepse,\u00a0<\/span><span style=\"font-size: 1rem;\">Samanta Jokubauska, <\/span><span style=\"font-size: 1rem;\">Arita B\u0113rica.<\/span><\/p>\r\n<p><span style=\"font-size: 1rem;\"> Daniels Jansons, Nikl\u0101vs Jansons, Sandijs Kristaps \u0160\u0113lis, Erv\u012bns Z\u012bverts., <\/span><span style=\"font-size: 1rem;\">Toms Kalni\u0146\u0161.<\/span><\/p>\r\n<h2><strong>2022.\/2023. m.g. absolventi<\/strong><\/h2>\r\n\r\n\r\n\r\n<figure class=\"wp-block-image size-large\"><img loading=\"lazy\" decoding=\"async\" width=\"1024\" height=\"683\" class=\"wp-image-1641\" src=\"https:\/\/turlavasskola.kuldiga.lv\/wp-content\/uploads\/2023\/09\/DSC_0714-1024x683.jpg\" alt=\"\" srcset=\"https:\/\/turlavasskola.kuldiga.lv\/wp-content\/uploads\/2023\/09\/DSC_0714-1024x683.jpg 1024w, https:\/\/turlavasskola.kuldiga.lv\/wp-content\/uploads\/2023\/09\/DSC_0714-300x200.jpg 300w, https:\/\/turlavasskola.kuldiga.lv\/wp-content\/uploads\/2023\/09\/DSC_0714-768x512.jpg 768w, https:\/\/turlavasskola.kuldiga.lv\/wp-content\/uploads\/2023\/09\/DSC_0714-1536x1024.jpg 1536w, https:\/\/turlavasskola.kuldiga.lv\/wp-content\/uploads\/2023\/09\/DSC_0714-2048x1365.jpg 2048w\" sizes=\"(max-width: 767px) 89vw, (max-width: 1000px) 54vw, (max-width: 1071px) 543px, 580px\" \/><\/figure>\r\n\r\n\r\n\r\n<p>Gints Brunovskis, Annija Gunika, Kevins Kalni\u0146\u0161, Mat\u012bss Kir\u0161teins, Alise Una K\u013cava, Marija Pilskunga, Evel\u012bna Red\u012bza, Ivo Rozenbergs, Zigmunds \u0160tr\u0101ls.<\/p>\r\n\r\n\r\n\r\n<h2 class=\"wp-block-heading\"><strong>2021.\/2022. m.g. absolventi<\/strong><\/h2>\r\n\r\n\r\n\r\n<figure class=\"wp-block-image size-large\"><img loading=\"lazy\" decoding=\"async\" width=\"1024\" height=\"683\" class=\"wp-image-1006\" src=\"https:\/\/turlavasskola.kuldiga.lv\/wp-content\/uploads\/2022\/07\/DSC_0533-1024x683.jpg\" alt=\"\" srcset=\"https:\/\/turlavasskola.kuldiga.lv\/wp-content\/uploads\/2022\/07\/DSC_0533-1024x683.jpg 1024w, https:\/\/turlavasskola.kuldiga.lv\/wp-content\/uploads\/2022\/07\/DSC_0533-300x200.jpg 300w, https:\/\/turlavasskola.kuldiga.lv\/wp-content\/uploads\/2022\/07\/DSC_0533-768x512.jpg 768w, https:\/\/turlavasskola.kuldiga.lv\/wp-content\/uploads\/2022\/07\/DSC_0533-1536x1024.jpg 1536w, https:\/\/turlavasskola.kuldiga.lv\/wp-content\/uploads\/2022\/07\/DSC_0533-2048x1365.jpg 2048w\" sizes=\"(max-width: 767px) 89vw, (max-width: 1000px) 54vw, (max-width: 1071px) 543px, 580px\" \/>\r\n<figcaption>Kl\u0101vs Lagzda, Kristaps Pirtnieks, Di\u0101na Dubure, Sannija Z\u012bberga, Estere Barinska, Estere \u0160\u0113le, Edvards \u0136emeris, El\u012bna Pulture, M\u0101r\u012bte Iva\u0146isova. Klases audzin\u0101t\u0101ja &#8211; Ilona Freimane.<\/figcaption>\r\n<\/figure>\r\n\r\n\r\n\r\n<h2 class=\"wp-block-heading\"><strong>2020.\/2021. m.g. absolventi<\/strong><\/h2>\r\n\r\n\r\n\r\n<figure class=\"wp-block-image size-large\"><img loading=\"lazy\" decoding=\"async\" width=\"1024\" height=\"768\" class=\"wp-image-351\" src=\"https:\/\/turlavasskola.kuldiga.lv\/wp-content\/uploads\/2021\/07\/2021_absolventi-1024x768.jpeg\" alt=\"\" srcset=\"https:\/\/turlavasskola.kuldiga.lv\/wp-content\/uploads\/2021\/07\/2021_absolventi-1024x768.jpeg 1024w, https:\/\/turlavasskola.kuldiga.lv\/wp-content\/uploads\/2021\/07\/2021_absolventi-300x225.jpeg 300w, https:\/\/turlavasskola.kuldiga.lv\/wp-content\/uploads\/2021\/07\/2021_absolventi-768x576.jpeg 768w, https:\/\/turlavasskola.kuldiga.lv\/wp-content\/uploads\/2021\/07\/2021_absolventi-1536x1152.jpeg 1536w, https:\/\/turlavasskola.kuldiga.lv\/wp-content\/uploads\/2021\/07\/2021_absolventi-850x638.jpeg 850w, https:\/\/turlavasskola.kuldiga.lv\/wp-content\/uploads\/2021\/07\/2021_absolventi.jpeg 1600w\" sizes=\"(max-width: 767px) 89vw, (max-width: 1000px) 54vw, (max-width: 1071px) 543px, 580px\" \/><\/figure>\r\n\r\n\r\n\r\n<p>\u0122irts Bergholds, M\u0101rti\u0146\u0161 B\u0113rzi\u0146\u0161, Megija Brasli\u0146a, Alise Gunika, Estere Komis\u0101re, Arta L\u012bdeka, L\u012bga Just\u012bne Orlova, D\u0101vis Pel\u0113kais, Laine \u0160\u0137\u0113le, Kaspars \u0160tr\u0101ls. Klases audzin\u0101t\u0101ja &#8211; Ivrita Antonovi\u010da.<\/p>\r\n\r\n\r\n\r\n<h2 class=\"wp-block-heading\"><strong>2019.\/2020. m.g. absolventi<\/strong><\/h2>\r\n\r\n\r\n\r\n<p>&nbsp;<\/p>\r\n\r\n\r\n\r\n<p>Barinska Just\u012bne, Dmitrijeva Zane, Kanneniece Lolita, Leimane Aina, Muzikants Eg\u012bls Juris, Pakalni\u0161\u0137is Alekss, Pel\u0113k\u0101 Samanta, P\u016bris Mareks, \u0160\u0113le Sab\u012bne Sanija, \u0160\u0137\u0113le Inita, Tamsone Daniela. Klases audzin\u0101t\u0101ja &#8211; Agnese \u010c\u012b\u010de.<\/p>\r\n\r\n\r\n\r\n<h2 class=\"wp-block-heading\"><strong>2018.\/2019. m.g. absolventi<\/strong><\/h2>\r\n\r\n\r\n\r\n<figure class=\"wp-block-image size-large\"><img loading=\"lazy\" decoding=\"async\" width=\"1024\" height=\"683\" class=\"wp-image-639\" src=\"https:\/\/turlavasskola.kuldiga.lv\/wp-content\/uploads\/2021\/10\/Izlaidums2020-1024x683.jpg\" alt=\"\" srcset=\"https:\/\/turlavasskola.kuldiga.lv\/wp-content\/uploads\/2021\/10\/Izlaidums2020-1024x683.jpg 1024w, https:\/\/turlavasskola.kuldiga.lv\/wp-content\/uploads\/2021\/10\/Izlaidums2020-300x200.jpg 300w, https:\/\/turlavasskola.kuldiga.lv\/wp-content\/uploads\/2021\/10\/Izlaidums2020-768x512.jpg 768w, https:\/\/turlavasskola.kuldiga.lv\/wp-content\/uploads\/2021\/10\/Izlaidums2020-1536x1024.jpg 1536w, https:\/\/turlavasskola.kuldiga.lv\/wp-content\/uploads\/2021\/10\/Izlaidums2020-2048x1365.jpg 2048w\" sizes=\"(max-width: 767px) 89vw, (max-width: 1000px) 54vw, (max-width: 1071px) 543px, 580px\" \/><\/figure>\r\n\r\n\r\n\r\n<p>Alise Bondare, Andris D\u0101rzi\u0146\u0161, Patr\u012bcija Junkere, Anete Leimane, Rei\u010dela Orlova, Kristers Stucis, Eva \u0160aberte, Evita \u0160aberte, Gundars Zons, Denijs \u017dukausks. Klases audzin\u0101t\u0101ja &#8211; L\u0101sma Z\u012bberga.<\/p>\r\n\r\n\r\n\r\n<h2 class=\"wp-block-heading\"><strong>2017.\/2018. m. g. absolventi<\/strong><\/h2>\r\n\r\n\r\n\r\n<figure class=\"wp-block-image size-large is-resized\"><img loading=\"lazy\" decoding=\"async\" class=\"wp-image-1589\" src=\"https:\/\/turlavasskola.kuldiga.lv\/wp-content\/uploads\/2023\/06\/Izlaidums_Jura_klase-1024x681.jpg\" alt=\"\" width=\"641\" height=\"426\" srcset=\"https:\/\/turlavasskola.kuldiga.lv\/wp-content\/uploads\/2023\/06\/Izlaidums_Jura_klase-1024x681.jpg 1024w, https:\/\/turlavasskola.kuldiga.lv\/wp-content\/uploads\/2023\/06\/Izlaidums_Jura_klase-300x200.jpg 300w, https:\/\/turlavasskola.kuldiga.lv\/wp-content\/uploads\/2023\/06\/Izlaidums_Jura_klase-768x511.jpg 768w, https:\/\/turlavasskola.kuldiga.lv\/wp-content\/uploads\/2023\/06\/Izlaidums_Jura_klase-1536x1022.jpg 1536w, https:\/\/turlavasskola.kuldiga.lv\/wp-content\/uploads\/2023\/06\/Izlaidums_Jura_klase.jpg 2048w\" sizes=\"(max-width: 641px) 100vw, 641px\" \/><\/figure>\r\n\r\n\r\n\r\n<p>Aigars Dmitrijevs, Zita Gucane, Endijs Jero\u0161enko, Elans Kairis, Edijs Mikalo\u010dus, And\u017eela Orlova, Gintars Pakalni\u0161\u0137is, Markuss Pel\u0113kais, Raitis Skrubis, J\u0101nis Edmunds \u0160mits. Klases audzin\u0101t\u0101js &#8211; Juris Zauers.<\/p>\r\n\r\n\r\n\r\n<h2 class=\"wp-block-heading\"><strong>2016.\/2017. m. g. absolventi<\/strong><\/h2>\r\n\r\n\r\n\r\n<figure class=\"wp-block-image size-large is-resized\"><img loading=\"lazy\" decoding=\"async\" class=\"wp-image-1590\" src=\"https:\/\/turlavasskola.kuldiga.lv\/wp-content\/uploads\/2023\/06\/9__klases_izlaidums_78-1024x768.jpg\" alt=\"\" width=\"628\" height=\"471\" srcset=\"https:\/\/turlavasskola.kuldiga.lv\/wp-content\/uploads\/2023\/06\/9__klases_izlaidums_78-1024x768.jpg 1024w, https:\/\/turlavasskola.kuldiga.lv\/wp-content\/uploads\/2023\/06\/9__klases_izlaidums_78-300x225.jpg 300w, https:\/\/turlavasskola.kuldiga.lv\/wp-content\/uploads\/2023\/06\/9__klases_izlaidums_78-768x576.jpg 768w, https:\/\/turlavasskola.kuldiga.lv\/wp-content\/uploads\/2023\/06\/9__klases_izlaidums_78-1536x1152.jpg 1536w, https:\/\/turlavasskola.kuldiga.lv\/wp-content\/uploads\/2023\/06\/9__klases_izlaidums_78.jpg 2048w\" sizes=\"(max-width: 628px) 100vw, 628px\" \/><\/figure>\r\n\r\n\r\n\r\n<p>D\u017eeina Bondare, Oto Brantevics, Ance Nikolajeva, Miks Robins Orlovs, Em\u012bls Vecpils. Klases audzin\u0101t\u0101js &#8211; Juris Zauers.<\/p>\r\n\r\n\r\n\r\n<h2 class=\"wp-block-heading\"><strong>2015.\/2016. m. g. absolventi<\/strong><\/h2>\r\n\r\n\r\n\r\n<p>&nbsp;<\/p>\r\n\r\n\r\n\r\n<p>Sintija Besenaite, P\u0101vils Brasli\u0146\u0161, Rihards Doni\u0146\u0161, Igeta M\u0101zere, Aivis Melbergs, Kintija Marl\u0113na Pilskunga, Ieva R\u016bmniece, Ivita R\u016bmniece. Klases audzin\u0101t\u0101ja &#8211; Ilona Freimane.<\/p>\r\n\r\n\r\n\r\n<h2 class=\"wp-block-heading\"><strong>2014.\/2015. m. g. absolventi<\/strong><\/h2>\r\n\r\n\r\n\r\n<figure class=\"wp-block-image size-full\"><img loading=\"lazy\" decoding=\"async\" width=\"650\" height=\"487\" class=\"wp-image-1592\" src=\"https:\/\/turlavasskola.kuldiga.lv\/wp-content\/uploads\/2023\/06\/DSCF1093.jpg\" alt=\"\" srcset=\"https:\/\/turlavasskola.kuldiga.lv\/wp-content\/uploads\/2023\/06\/DSCF1093.jpg 650w, https:\/\/turlavasskola.kuldiga.lv\/wp-content\/uploads\/2023\/06\/DSCF1093-300x225.jpg 300w\" sizes=\"(max-width: 650px) 100vw, 650px\" \/><\/figure>\r\n\r\n\r\n\r\n<p>Linda Fabriciusa, Rolands Hartmanis, Arvis Nikolajevs, Andris Pel\u0113kais, Arta Str\u012b\u0137e, Atis Veinbergs. Klases audzin\u0101t\u0101ja &#8211; Ivrita Antonovi\u010da.<\/p>\r\n\r\n\r\n\r\n<h2 class=\"wp-block-heading\"><strong>2013.\/2014. m. g. absolventi<\/strong><\/h2>\r\n\r\n\r\n\r\n<figure class=\"wp-block-image size-large is-resized\"><img loading=\"lazy\" decoding=\"async\" class=\"wp-image-1727\" src=\"https:\/\/turlavasskola.kuldiga.lv\/wp-content\/uploads\/2023\/10\/izlaidums2014-345-1024x768.jpg\" alt=\"\" width=\"635\" height=\"476\" srcset=\"https:\/\/turlavasskola.kuldiga.lv\/wp-content\/uploads\/2023\/10\/izlaidums2014-345-1024x768.jpg 1024w, https:\/\/turlavasskola.kuldiga.lv\/wp-content\/uploads\/2023\/10\/izlaidums2014-345-300x225.jpg 300w, https:\/\/turlavasskola.kuldiga.lv\/wp-content\/uploads\/2023\/10\/izlaidums2014-345-768x576.jpg 768w, https:\/\/turlavasskola.kuldiga.lv\/wp-content\/uploads\/2023\/10\/izlaidums2014-345-1536x1152.jpg 1536w, https:\/\/turlavasskola.kuldiga.lv\/wp-content\/uploads\/2023\/10\/izlaidums2014-345-2048x1536.jpg 2048w\" sizes=\"(max-width: 635px) 100vw, 635px\" \/><\/figure>\r\n\r\n\r\n\r\n<p>R\u016bdolfs Baiks, Markuss Kalni\u0146\u0161, P\u0113teris K\u0101rkli\u0146\u0161, Annija Lapsa, Andris Liepa, Alise Mikalo\u010dus, El\u012bna Pel\u0113k\u0101, Kl\u0101vs Skrubis, Kristers Kristi\u0101ns Skrubis, Markuss Str\u012b\u0137is, D\u0101vis Taube, Dana Vilce. Klases audzin\u0101t\u0101ja &#8211; L\u0101sma Z\u012bberga.<\/p>\r\n\r\n\r\n\r\n<h2 class=\"wp-block-heading\"><strong>2012.\/2013. m. g. absolventi<\/strong><\/h2>\r\n\r\n\r\n\r\n<p>&nbsp;<\/p>\r\n\r\n\r\n\r\n<p>Madara D\u0101rzi\u0146a, Andris Kir\u0161teins, Paula Unigunda Pilskunga, Maija Rezlere, Ivars Rezlers, Sanita R\u016bmniece, Kaspars Star\u0161ovs, Helvijs \u0160ustss, Kristi\u0101ns Vecpils, Gatis Zons. Klases audzin\u0101t\u0101ja &#8211; &#8230;.<\/p>\r\n\r\n\r\n\r\n<p>&#8230;. absolventi<\/p>\r\n\r\n\r\n\r\n<p>&nbsp;<\/p>\r\n\r\n\r\n\r\n<figure class=\"wp-block-image size-large is-resized\"><img loading=\"lazy\" decoding=\"async\" class=\"wp-image-1594\" src=\"https:\/\/turlavasskola.kuldiga.lv\/wp-content\/uploads\/2023\/06\/Skola-792-1024x768.jpg\" alt=\"\" width=\"573\" height=\"429\" srcset=\"https:\/\/turlavasskola.kuldiga.lv\/wp-content\/uploads\/2023\/06\/Skola-792-1024x768.jpg 1024w, https:\/\/turlavasskola.kuldiga.lv\/wp-content\/uploads\/2023\/06\/Skola-792-300x225.jpg 300w, https:\/\/turlavasskola.kuldiga.lv\/wp-content\/uploads\/2023\/06\/Skola-792-768x576.jpg 768w, https:\/\/turlavasskola.kuldiga.lv\/wp-content\/uploads\/2023\/06\/Skola-792-1536x1152.jpg 1536w, https:\/\/turlavasskola.kuldiga.lv\/wp-content\/uploads\/2023\/06\/Skola-792-2048x1536.jpg 2048w\" sizes=\"(max-width: 573px) 100vw, 573px\" \/><\/figure>\r\n\r\n\r\n\r\n<figure class=\"wp-block-image size-large is-resized\"><img loading=\"lazy\" decoding=\"async\" class=\"wp-image-1828\" src=\"https:\/\/turlavasskola.kuldiga.lv\/wp-content\/uploads\/2023\/11\/9__klases_izlaidums_80-1024x768.jpg\" alt=\"\" width=\"575\" height=\"431\" srcset=\"https:\/\/turlavasskola.kuldiga.lv\/wp-content\/uploads\/2023\/11\/9__klases_izlaidums_80-1024x768.jpg 1024w, https:\/\/turlavasskola.kuldiga.lv\/wp-content\/uploads\/2023\/11\/9__klases_izlaidums_80-300x225.jpg 300w, https:\/\/turlavasskola.kuldiga.lv\/wp-content\/uploads\/2023\/11\/9__klases_izlaidums_80-768x576.jpg 768w, https:\/\/turlavasskola.kuldiga.lv\/wp-content\/uploads\/2023\/11\/9__klases_izlaidums_80-1536x1152.jpg 1536w, https:\/\/turlavasskola.kuldiga.lv\/wp-content\/uploads\/2023\/11\/9__klases_izlaidums_80.jpg 2048w\" sizes=\"(max-width: 575px) 100vw, 575px\" \/><\/figure>\r\n\r\n\r\n\r\n<p>&nbsp;<\/p>\r\n","protected":false},"excerpt":{"rendered":"<p>2024.\/2025. m.g. absolventi Patr\u012bcija Barinska, Markuss Brauns, Kristi\u0101ns Freijs, Keita Kellija Kanneniece, Nils Rajs Krilovs, Sintija Neilande, Kristi\u0101ns Ozoli\u0146\u0161, Elvis Pel\u0113kais, Baiba V\u0113jk\u0101ja. 2023.\/2024. m.g. absolventi Melanija Elma Gulbe,\u00a0Linda Eiermane, skolot\u0101ja Ieva Lepse,\u00a0Samanta Jokubauska, Arita B\u0113rica. Daniels Jansons, Nikl\u0101vs Jansons, Sandijs Kristaps \u0160\u0113lis, Erv\u012bns Z\u012bverts., Toms Kalni\u0146\u0161. 2022.\/2023. m.g. absolventi Gints Brunovskis, Annija Gunika, Kevins &hellip; <\/p>\n<p class=\"link-more\"><a href=\"https:\/\/turlavasskola.kuldiga.lv\/index.php\/absolventi\/\" class=\"more-link\">Turpin\u0101t las\u012bt<span class=\"screen-reader-text\"> &#8220;Absolventi&#8221;<\/span><\/a><\/p>\n","protected":false},"author":4,"featured_media":0,"parent":0,"menu_order":0,"comment_status":"closed","ping_status":"closed","template":"","meta":{"footnotes":""},"class_list":["post-204","page","type-page","status-publish","hentry"],"_links":{"self":[{"href":"https:\/\/turlavasskola.kuldiga.lv\/index.php\/wp-json\/wp\/v2\/pages\/204"}],"collection":[{"href":"https:\/\/turlavasskola.kuldiga.lv\/index.php\/wp-json\/wp\/v2\/pages"}],"about":[{"href":"https:\/\/turlavasskola.kuldiga.lv\/index.php\/wp-json\/wp\/v2\/types\/page"}],"author":[{"embeddable":true,"href":"https:\/\/turlavasskola.kuldiga.lv\/index.php\/wp-json\/wp\/v2\/users\/4"}],"replies":[{"embeddable":true,"href":"https:\/\/turlavasskola.kuldiga.lv\/index.php\/wp-json\/wp\/v2\/comments?post=204"}],"version-history":[{"count":18,"href":"https:\/\/turlavasskola.kuldiga.lv\/index.php\/wp-json\/wp\/v2\/pages\/204\/revisions"}],"predecessor-version":[{"id":3498,"href":"https:\/\/turlavasskola.kuldiga.lv\/index.php\/wp-json\/wp\/v2\/pages\/204\/revisions\/3498"}],"wp:attachment":[{"href":"https:\/\/turlavasskola.kuldiga.lv\/index.php\/wp-json\/wp\/v2\/media?parent=204"}],"curies":[{"name":"wp","href":"https:\/\/api.w.org\/{rel}","templated":true}]}}