{"id":2042,"date":"2024-04-16T13:57:10","date_gmt":"2024-04-16T11:57:10","guid":{"rendered":"https:\/\/turlavasskola.kuldiga.lv\/?page_id=2042"},"modified":"2025-01-23T14:44:46","modified_gmt":"2025-01-23T12:44:46","slug":"vertibas","status":"publish","type":"page","link":"https:\/\/turlavasskola.kuldiga.lv\/index.php\/vertibas\/","title":{"rendered":"V\u0113rt\u012bbas"},"content":{"rendered":"<p><a href=\"http:\/\/turlavasskola.kuldiga.lv\/wp-content\/uploads\/2025\/01\/Musu-SkV.pdf\">M\u016bsu SKOLAS V\u0112RT\u012aBAS<\/a><\/p>\n","protected":false},"excerpt":{"rendered":"<p>M\u016bsu SKOLAS V\u0112RT\u012aBAS<\/p>\n","protected":false},"author":4,"featured_media":0,"parent":0,"menu_order":0,"comment_status":"closed","ping_status":"closed","template":"","meta":{"footnotes":""},"class_list":["post-2042","page","type-page","status-publish","hentry"],"_links":{"self":[{"href":"https:\/\/turlavasskola.kuldiga.lv\/index.php\/wp-json\/wp\/v2\/pages\/2042"}],"collection":[{"href":"https:\/\/turlavasskola.kuldiga.lv\/index.php\/wp-json\/wp\/v2\/pages"}],"about":[{"href":"https:\/\/turlavasskola.kuldiga.lv\/index.php\/wp-json\/wp\/v2\/types\/page"}],"author":[{"embeddable":true,"href":"https:\/\/turlavasskola.kuldiga.lv\/index.php\/wp-json\/wp\/v2\/users\/4"}],"replies":[{"embeddable":true,"href":"https:\/\/turlavasskola.kuldiga.lv\/index.php\/wp-json\/wp\/v2\/comments?post=2042"}],"version-history":[{"count":6,"href":"https:\/\/turlavasskola.kuldiga.lv\/index.php\/wp-json\/wp\/v2\/pages\/2042\/revisions"}],"predecessor-version":[{"id":2806,"href":"https:\/\/turlavasskola.kuldiga.lv\/index.php\/wp-json\/wp\/v2\/pages\/2042\/revisions\/2806"}],"wp:attachment":[{"href":"https:\/\/turlavasskola.kuldiga.lv\/index.php\/wp-json\/wp\/v2\/media?parent=2042"}],"curies":[{"name":"wp","href":"https:\/\/api.w.org\/{rel}","templated":true}]}}