{"id":2045,"date":"2024-04-16T13:57:39","date_gmt":"2024-04-16T11:57:39","guid":{"rendered":"https:\/\/turlavasskola.kuldiga.lv\/?page_id=2045"},"modified":"2026-02-15T19:01:06","modified_gmt":"2026-02-15T17:01:06","slug":"dokumentacija","status":"publish","type":"page","link":"https:\/\/turlavasskola.kuldiga.lv\/index.php\/dokumentacija\/","title":{"rendered":"Dokument\u0101cija"},"content":{"rendered":"\r\n<ul class=\"wp-block-list\">\r\n<li><strong>SKOLAS NOLIKUMS<\/strong> <a href=\"http:\/\/turlavasskola.kuldiga.lv\/wp-content\/uploads\/2025\/10\/Nolikums-Turlavas-pamatskola.pdf\">Nolikums Turlavas pamatskola<\/a>\u00a0<\/li>\r\n<li><strong>SKOLAS IEK\u0160\u0112J\u0100S K\u0100RT\u012aBAS NOTEIKUMI\u00a0<\/strong> <a style=\"font-size: 1rem;\" href=\"http:\/\/turlavasskola.kuldiga.lv\/wp-content\/uploads\/2025\/08\/ieksejas-kartibas-noteikumi-2025.pdf\">iek\u0161\u0113j\u0101s k\u0101rt\u012bbas noteikumi <\/a><\/li>\r\n<li>Turlavas pamatskolas<strong> PIRMSSKOLAS GRUPU iek\u0161\u0113j\u0101s k\u0101rt\u012bbas noteikumi<\/strong> <a href=\"http:\/\/turlavasskola.kuldiga.lv\/wp-content\/uploads\/2024\/12\/Pirmsskolas-grupu-ieksejas-kartibas-noteikumi-2024.pdf\">Pirmsskolas grupu iek\u0161\u0113j\u0101s k\u0101rt\u012bbas noteikumi\u00a0<\/a><\/li>\r\n<li><strong>ATT\u012aST\u012aBAS PL\u0100NS 2026. &#8211; 2028. gadam\u00a0<\/strong><\/li>\r\n<li><strong>Turlavas pamatskolas DARBA PL\u0100NS 2025.\/2026. m.g.\u00a0<\/strong><a href=\"http:\/\/turlavasskola.kuldiga.lv\/wp-content\/uploads\/2026\/01\/macibu_un_-metodiska_-darba_-plans_-2025_2026_-.pdf\">mac\u012bbu_un_ metodisk\u0101_ darba_ pl\u0101ns_ 2025_2026_<\/a><\/li>\r\n<li><strong>PA\u0160NOV\u0112RT\u0112JUMA ZI\u0145OJUMS<\/strong><\/li>\r\n<\/ul>\r\n<p><strong>2024,\/2025.m.g. <\/strong><a href=\"http:\/\/turlavasskola.kuldiga.lv\/wp-content\/uploads\/2025\/11\/Pasnovertejuma-zinojums-2024._2025.m.g.pdf\">Pa\u0161nov\u0113rt\u0113juma zi\u0146ojums 2024._2025.m.g.<\/a><\/p>\r\n<p><strong>2023.\/2024.m.g. <\/strong><a href=\"http:\/\/turlavasskola.kuldiga.lv\/wp-content\/uploads\/2024\/11\/PASNOVERTEJUMS.pdf\">Pa\u0161nov\u0113rt\u0113juma zi\u0146ojums par 2023.\/2024.m\u0101c.g.<\/a><\/p>\r\n<p><strong>\u00a02022.\/2023.m.g.<\/strong><a href=\"http:\/\/turlavasskola.kuldiga.lv\/wp-content\/uploads\/2024\/04\/Pasnovertejums_Turlavas_pamatskola_2023.pdf\">Pa\u0161nov\u0113rt\u0113juma zi\u0146ojums par 2022.\/2023. m\u0101c.g.<\/a><\/p>\r\n<ul>\r\n<li><strong>KARJERAS IZGL\u012aT\u012aBAS PROGRAMMA\u00a0 .<\/strong><a href=\"http:\/\/turlavasskola.kuldiga.lv\/wp-content\/uploads\/2024\/10\/Karjeras_izglitibas_programma.pdf\">Karjeras_izgl\u012bt\u012bbas_programma<\/a><\/li>\r\n<li><a href=\"https:\/\/mape.gov.lv\/catalog\/materials\/5A32EC00-781E-4A36-88C4-471CFC2BFC27\/view?tab=information&amp;preview=0CFBA798-5AF0-4E66-A920-076F0EB0EEE1\">Vadl\u012bnijas skol\u0113na\/audz\u0113k\u0146a m\u0101c\u012bbu snieguma v\u0113rt\u0113\u0161anai<\/a><\/li>\r\n<li><strong>V\u0112RT\u0112\u0160ANAS K\u0100RT\u012aBA Turlavas pamatskol\u0101 <a href=\"http:\/\/turlavasskola.kuldiga.lv\/wp-content\/uploads\/2025\/09\/Vertesanas_kartiba-25.pdf\">V\u0113rt\u0113\u0161anas_k\u0101rt\u012bba <\/a><\/strong><\/li>\r\n<li><strong>V\u0112RT\u0112\u0160ANAS K\u0100RT\u012aBA pirmsskol\u0101<\/strong> <a href=\"http:\/\/turlavasskola.kuldiga.lv\/wp-content\/uploads\/2024\/10\/Vertesana_pirmsskola_2022.pdf\">V\u0113rt\u0113\u0161ana_pirmsskola<\/a><\/li>\r\n<li><strong>K\u0101rt\u012bba par izgl\u012btojamo SPECI\u0100LO VAJADZ\u012aBU NOTEIK\u0160ANU un INDIVIDU\u0100L\u0100 <\/strong><strong>izgl\u012bt\u012bbas programmas apguves PL\u0100NA izstr\u0101di un \u012bsteno\u0161anu <\/strong><a href=\"http:\/\/turlavasskola.kuldiga.lv\/wp-content\/uploads\/2024\/11\/Kartiba_specialas_vajadzibas.pdf\">K\u0101rt\u012bba_speci\u0101l\u0101s_vajadz\u012bbas<\/a><\/li>\r\n<li><strong style=\"font-size: 1rem;\">VISP\u0100R\u0112JIE DRO\u0160\u012aBAS NOTEIKUMI izgl\u012btojamiem <a href=\"http:\/\/turlavasskola.kuldiga.lv\/wp-content\/uploads\/2024\/10\/drosibas_noteikumi_2024-skola.pdf\">drosibas_noteikumi_skola<\/a><\/strong><\/li>\r\n<\/ul>\r\n<p><strong>PIELIKUMS<\/strong> Visp\u0101r\u0113j\u0101s dro\u0161\u012bbas noteikumiem &#8211; nelaimes gad\u012bjum\u0101 aizpild\u0101ms akts <a style=\"font-size: 1rem;\" href=\"http:\/\/turlavasskola.kuldiga.lv\/wp-content\/uploads\/2024\/10\/drosibas_noteikumi_2024-SKOLA-pielikums.pdf\">dro\u0161\u012bbas_noteikumi_SKOLA pielikums<\/a><\/p>\r\n<ul>\r\n<li><strong>K\u0100RT\u012aBA PAR R\u012aC\u012aBU, JA TIEK KONSTAT\u0112TA FIZISKA VAI EMOCION\u0100LA VARDARB\u012aBA PRET IZGL\u012aTOJAMO <\/strong><a href=\"http:\/\/turlavasskola.kuldiga.lv\/wp-content\/uploads\/2024\/11\/Riciba_vardarbibas_gadijumos.pdf\">R\u012bc\u012bba_vardarb\u012bbas_gad\u012bjumos<\/a><\/li>\r\n<li>Izgl\u012btojam\u0101 vec\u0101ka \/ likumisk\u0101 p\u0101rst\u0101vja r\u012bc\u012bba, ja ir aizdomas par pedagoga \/ izgl\u012bt\u012bbas iest\u0101des darbinieka pie\u013cauto vardarb\u012bbu pret izgl\u012btojamo <a href=\"https:\/\/www.izm.gov.lv\/lv\/media\/30488\/download?attachment\">https:\/\/www.izm.gov.lv\/lv\/media\/30488\/download?attachment<\/a><\/li>\r\n<li>Izgl\u012bt\u012bbas iest\u0101des darbinieka r\u012bc\u012bbai, ja pret vi\u0146u ir pie\u013cauta vardarb\u012bba\u00a0<a href=\"https:\/\/www.izm.gov.lv\/lv\/media\/30497\/download?attachment\">https:\/\/www.izm.gov.lv\/lv\/media\/30497\/download?attachment<\/a>\u00a0<\/li>\r\n<li><strong>EKSKURSIJU UN P\u0100RG\u0100JIENU ORGANIZ\u0112\u0160ANAS K\u0100RT\u012aBA <\/strong><a href=\"http:\/\/turlavasskola.kuldiga.lv\/wp-content\/uploads\/2024\/10\/ekskursiju_kartiba_2024.pdf\">ekskursiju_k<\/a>\u0101rt\u012b<a href=\"http:\/\/turlavasskola.kuldiga.lv\/wp-content\/uploads\/2024\/10\/ekskursiju_kartiba_2024.pdf\">ba<\/a><\/li>\r\n<li>K\u0101rt\u012bba, k\u0101d\u0101 <strong>IZGL\u012aT\u012aBAS IEST\u0100D\u0112 UZTURAS VEC\u0100KI UN CITAS NEPIEDERO\u0160AS PERSONAS <a href=\"http:\/\/turlavasskola.kuldiga.lv\/wp-content\/uploads\/2024\/10\/Kartiba_nepiederosas_personas.pdf\">Kart\u012bba_nepiedero\u0161as_personas<\/a><\/strong><\/li>\r\n<li><strong>K\u0100RT\u012aBA S\u016aDZ\u012aBU IESNIEG\u0160ANAI UN IZSKAT\u012a\u0160ANAI <\/strong><a href=\"http:\/\/turlavasskola.kuldiga.lv\/wp-content\/uploads\/2024\/10\/Kartiba_sudzibu_iesniegsana_izskatisana-2.pdf\">Kartiba_sudzibu_iesniegsana_izskatisana-2<\/a><\/li>\r\n<li><strong>K\u0100RT\u012aBA INFEKCIJAS SLIM\u012aBU GAD\u012aJUMOS <\/strong><a style=\"font-size: 1rem;\" href=\"http:\/\/turlavasskola.kuldiga.lv\/wp-content\/uploads\/2024\/10\/Kartiba_infekcijas_slimibas.pdf\">Kart\u012bba_infekcijas_slim\u012bbas<\/a><\/li>\r\n<\/ul>\r\n<ul>\r\n<li><strong>K\u0100RT\u012aBA SAZI\u0145AI AR VEC\u0100KIEM<\/strong> <a href=\"http:\/\/turlavasskola.kuldiga.lv\/wp-content\/uploads\/2024\/10\/Kartiba_sazina_ar_vecakiem.pdf\">Kart\u012bba_sazi\u0146a_ar_vec\u0101kiem<\/a><\/li>\r\n<li><strong>NOTEIKUMI SKOL\u0112NU AUTOBUS\u0100<\/strong> <a href=\"http:\/\/turlavasskola.kuldiga.lv\/wp-content\/uploads\/2024\/12\/Noteikumi-autobusa.pdf\">Noteikumi autobus\u0101<\/a><\/li>\r\n<li><strong>M\u0100KSL\u012aG\u0100 INTELEKTA IZMANTO\u0160ANAS K\u0100RT\u012aBA SKOL\u0100 <\/strong><a href=\"http:\/\/turlavasskola.kuldiga.lv\/wp-content\/uploads\/2026\/01\/MI-izmantosanas-kartiba.pdf\">MI izmanto\u0161anas k\u0101rt\u012bba<\/a><\/li>\r\n<\/ul>\r\n\r\n\r\n\r\n<p>&nbsp;<\/p>\r\n","protected":false},"excerpt":{"rendered":"<p>SKOLAS NOLIKUMS Nolikums Turlavas pamatskola\u00a0 SKOLAS IEK\u0160\u0112J\u0100S K\u0100RT\u012aBAS NOTEIKUMI\u00a0 iek\u0161\u0113j\u0101s k\u0101rt\u012bbas noteikumi Turlavas pamatskolas PIRMSSKOLAS GRUPU iek\u0161\u0113j\u0101s k\u0101rt\u012bbas noteikumi Pirmsskolas grupu iek\u0161\u0113j\u0101s k\u0101rt\u012bbas noteikumi\u00a0 ATT\u012aST\u012aBAS PL\u0100NS 2026. &#8211; 2028. gadam\u00a0 Turlavas pamatskolas DARBA PL\u0100NS 2025.\/2026. m.g.\u00a0mac\u012bbu_un_ metodisk\u0101_ darba_ pl\u0101ns_ 2025_2026_ PA\u0160NOV\u0112RT\u0112JUMA ZI\u0145OJUMS 2024,\/2025.m.g. Pa\u0161nov\u0113rt\u0113juma zi\u0146ojums 2024._2025.m.g. 2023.\/2024.m.g. Pa\u0161nov\u0113rt\u0113juma zi\u0146ojums par 2023.\/2024.m\u0101c.g. \u00a02022.\/2023.m.g.Pa\u0161nov\u0113rt\u0113juma zi\u0146ojums par 2022.\/2023. &hellip; <\/p>\n<p class=\"link-more\"><a href=\"https:\/\/turlavasskola.kuldiga.lv\/index.php\/dokumentacija\/\" class=\"more-link\">Turpin\u0101t las\u012bt<span class=\"screen-reader-text\"> &#8220;Dokument\u0101cija&#8221;<\/span><\/a><\/p>\n","protected":false},"author":4,"featured_media":0,"parent":0,"menu_order":0,"comment_status":"closed","ping_status":"closed","template":"","meta":{"footnotes":""},"class_list":["post-2045","page","type-page","status-publish","hentry"],"_links":{"self":[{"href":"https:\/\/turlavasskola.kuldiga.lv\/index.php\/wp-json\/wp\/v2\/pages\/2045"}],"collection":[{"href":"https:\/\/turlavasskola.kuldiga.lv\/index.php\/wp-json\/wp\/v2\/pages"}],"about":[{"href":"https:\/\/turlavasskola.kuldiga.lv\/index.php\/wp-json\/wp\/v2\/types\/page"}],"author":[{"embeddable":true,"href":"https:\/\/turlavasskola.kuldiga.lv\/index.php\/wp-json\/wp\/v2\/users\/4"}],"replies":[{"embeddable":true,"href":"https:\/\/turlavasskola.kuldiga.lv\/index.php\/wp-json\/wp\/v2\/comments?post=2045"}],"version-history":[{"count":56,"href":"https:\/\/turlavasskola.kuldiga.lv\/index.php\/wp-json\/wp\/v2\/pages\/2045\/revisions"}],"predecessor-version":[{"id":3551,"href":"https:\/\/turlavasskola.kuldiga.lv\/index.php\/wp-json\/wp\/v2\/pages\/2045\/revisions\/3551"}],"wp:attachment":[{"href":"https:\/\/turlavasskola.kuldiga.lv\/index.php\/wp-json\/wp\/v2\/media?parent=2045"}],"curies":[{"name":"wp","href":"https:\/\/api.w.org\/{rel}","templated":true}]}}