{"id":2051,"date":"2024-04-16T13:58:24","date_gmt":"2024-04-16T11:58:24","guid":{"rendered":"https:\/\/turlavasskola.kuldiga.lv\/?page_id=2051"},"modified":"2025-09-08T10:52:45","modified_gmt":"2025-09-08T08:52:45","slug":"autobusa-kursesanas-laiks","status":"publish","type":"page","link":"https:\/\/turlavasskola.kuldiga.lv\/index.php\/autobusa-kursesanas-laiks\/","title":{"rendered":"Autobusa kurs\u0113\u0161anas laiks"},"content":{"rendered":"<p><strong>NOTEIKUMI SKOL\u0112NU AUTOBUS\u0100<\/strong> <a href=\"http:\/\/turlavasskola.kuldiga.lv\/wp-content\/uploads\/2024\/12\/Noteikumi-autobusa.pdf\">Noteikumi autobus\u0101<\/a><\/p>\n<ul class=\"n-newstxt-cont\">\n<li class=\"n-item-title\">Skolas autobuss izbrauc <strong>no skolas:<\/strong>\n<ul>\n<li>Pirmdien 15.50<\/li>\n<li>Otrdien 15.50<\/li>\n<li>Tre\u0161dien 15.50<\/li>\n<li>Ceturtdien 15.00<\/li>\n<li>Piektdien 15.00<\/li>\n<\/ul>\n<\/li>\n<\/ul>\n<p><a href=\"http:\/\/turlavasskola.kuldiga.lv\/wp-content\/uploads\/2025\/09\/Autobuss-2025.2026-1.pdf\">Autobuss 2025.2026.<\/a><\/p>\n","protected":false},"excerpt":{"rendered":"<p>NOTEIKUMI SKOL\u0112NU AUTOBUS\u0100 Noteikumi autobus\u0101 Skolas autobuss izbrauc no skolas: Pirmdien 15.50 Otrdien 15.50 Tre\u0161dien 15.50 Ceturtdien 15.00 Piektdien 15.00 Autobuss 2025.2026.<\/p>\n","protected":false},"author":4,"featured_media":0,"parent":0,"menu_order":0,"comment_status":"closed","ping_status":"closed","template":"","meta":{"footnotes":""},"class_list":["post-2051","page","type-page","status-publish","hentry"],"_links":{"self":[{"href":"https:\/\/turlavasskola.kuldiga.lv\/index.php\/wp-json\/wp\/v2\/pages\/2051"}],"collection":[{"href":"https:\/\/turlavasskola.kuldiga.lv\/index.php\/wp-json\/wp\/v2\/pages"}],"about":[{"href":"https:\/\/turlavasskola.kuldiga.lv\/index.php\/wp-json\/wp\/v2\/types\/page"}],"author":[{"embeddable":true,"href":"https:\/\/turlavasskola.kuldiga.lv\/index.php\/wp-json\/wp\/v2\/users\/4"}],"replies":[{"embeddable":true,"href":"https:\/\/turlavasskola.kuldiga.lv\/index.php\/wp-json\/wp\/v2\/comments?post=2051"}],"version-history":[{"count":8,"href":"https:\/\/turlavasskola.kuldiga.lv\/index.php\/wp-json\/wp\/v2\/pages\/2051\/revisions"}],"predecessor-version":[{"id":3206,"href":"https:\/\/turlavasskola.kuldiga.lv\/index.php\/wp-json\/wp\/v2\/pages\/2051\/revisions\/3206"}],"wp:attachment":[{"href":"https:\/\/turlavasskola.kuldiga.lv\/index.php\/wp-json\/wp\/v2\/media?parent=2051"}],"curies":[{"name":"wp","href":"https:\/\/api.w.org\/{rel}","templated":true}]}}