{"id":2067,"date":"2024-04-16T14:27:45","date_gmt":"2024-04-16T12:27:45","guid":{"rendered":"https:\/\/turlavasskola.kuldiga.lv\/?page_id=2067"},"modified":"2024-12-17T14:47:22","modified_gmt":"2024-12-17T12:47:22","slug":"pirmsskola","status":"publish","type":"page","link":"https:\/\/turlavasskola.kuldiga.lv\/index.php\/pirmsskola\/","title":{"rendered":"PIRMSSKOLA"},"content":{"rendered":"\r\n<ul class=\"wp-block-list\">\r\n<li style=\"list-style-type: none;\">\r\n<ul>\r\n<li><a href=\"https:\/\/turlavasskola.kuldiga.lv\/index.php\/pirmsskolas-grupas\/\">Pirmsskolas grupas<\/a><\/li>\r\n<li><a href=\"https:\/\/turlavasskola.kuldiga.lv\/index.php\/dienas-kartiba\/\">Dienas k\u0101rt\u012bba<\/a><\/li>\r\n<li>Pirmsskolas grupu iek\u0161\u0113j\u0101s k\u0101rt\u012bbas noteikumi <a href=\"http:\/\/turlavasskola.kuldiga.lv\/wp-content\/uploads\/2024\/12\/Pirmsskolas-grupu-ieksejas-kartibas-noteikumi-2024.pdf\">Pirmsskolas grupu iek\u0161\u0113j\u0101s k\u0101rt\u012bbas noteikumi 2024<\/a><\/li>\r\n<\/ul>\r\n<\/li>\r\n<\/ul>\r\n<p>&nbsp;<\/p>\r\n\r\n\r\n\r\n<p>&nbsp;<\/p>\r\n","protected":false},"excerpt":{"rendered":"<p>Pirmsskolas grupas Dienas k\u0101rt\u012bba Pirmsskolas grupu iek\u0161\u0113j\u0101s k\u0101rt\u012bbas noteikumi Pirmsskolas grupu iek\u0161\u0113j\u0101s k\u0101rt\u012bbas noteikumi 2024 &nbsp; &nbsp;<\/p>\n","protected":false},"author":4,"featured_media":0,"parent":0,"menu_order":0,"comment_status":"closed","ping_status":"closed","template":"","meta":{"footnotes":""},"class_list":["post-2067","page","type-page","status-publish","hentry"],"_links":{"self":[{"href":"https:\/\/turlavasskola.kuldiga.lv\/index.php\/wp-json\/wp\/v2\/pages\/2067"}],"collection":[{"href":"https:\/\/turlavasskola.kuldiga.lv\/index.php\/wp-json\/wp\/v2\/pages"}],"about":[{"href":"https:\/\/turlavasskola.kuldiga.lv\/index.php\/wp-json\/wp\/v2\/types\/page"}],"author":[{"embeddable":true,"href":"https:\/\/turlavasskola.kuldiga.lv\/index.php\/wp-json\/wp\/v2\/users\/4"}],"replies":[{"embeddable":true,"href":"https:\/\/turlavasskola.kuldiga.lv\/index.php\/wp-json\/wp\/v2\/comments?post=2067"}],"version-history":[{"count":6,"href":"https:\/\/turlavasskola.kuldiga.lv\/index.php\/wp-json\/wp\/v2\/pages\/2067\/revisions"}],"predecessor-version":[{"id":2671,"href":"https:\/\/turlavasskola.kuldiga.lv\/index.php\/wp-json\/wp\/v2\/pages\/2067\/revisions\/2671"}],"wp:attachment":[{"href":"https:\/\/turlavasskola.kuldiga.lv\/index.php\/wp-json\/wp\/v2\/media?parent=2067"}],"curies":[{"name":"wp","href":"https:\/\/api.w.org\/{rel}","templated":true}]}}