{"id":2078,"date":"2024-04-17T14:58:03","date_gmt":"2024-04-17T12:58:03","guid":{"rendered":"https:\/\/turlavasskola.kuldiga.lv\/?page_id=2078"},"modified":"2024-11-18T12:34:18","modified_gmt":"2024-11-18T10:34:18","slug":"izglitibas-programmas","status":"publish","type":"page","link":"https:\/\/turlavasskola.kuldiga.lv\/index.php\/izglitibas-programmas\/","title":{"rendered":"Izgl\u012bt\u012bbas programmas"},"content":{"rendered":"\r\n<div class=\"wp-block-group\"><div class=\"wp-block-group__inner-container is-layout-flow wp-block-group-is-layout-flow\">\r\n<p><strong>Turlavas pamatskol\u0101 realiz\u0113<\/strong>:<\/p>\r\n\r\n\r\n\r\n<p>VISP\u0100R\u0112J\u0100S PIRMSKOLAS IZGL\u012aT\u012aBAS PROGRAMMU &#8211; programmas kods <strong>01011111<\/strong><\/p>\r\n\r\n\r\n\r\n<p>PAMATIZGL\u012aT\u012aBAS PROGRAMMU &#8211; programmas kods <strong>21011111<\/strong><\/p>\r\n<p>SPECI\u0100L\u0100S PIRMSSKOLAS IZGL\u012aT\u012aBAS PROGRAMMU IZGL\u012aTOJAMIEM AR JAUKTIEM ATT\u012aST\u012aBAS TRAUC\u0112JUMIEM &#8211; programmas kods <strong>01015611\u00a0<\/strong><\/p>\r\n\r\n\r\n\r\n<p>SPECI\u0100L\u0100S PAMATIZGL\u012aT\u012aBAS PROGRAMMU IZGL\u012aTOJAMIEM AR M\u0100C\u012a\u0160AN\u0100S TRAUC\u0112JUMIEM &#8211; programmas kods <strong>21015611<\/strong><\/p>\r\n<\/div><\/div>\r\n\r\n\r\n\r\n<p>&nbsp;<\/p>\r\n","protected":false},"excerpt":{"rendered":"<p>Turlavas pamatskol\u0101 realiz\u0113: VISP\u0100R\u0112J\u0100S PIRMSKOLAS IZGL\u012aT\u012aBAS PROGRAMMU &#8211; programmas kods 01011111 PAMATIZGL\u012aT\u012aBAS PROGRAMMU &#8211; programmas kods 21011111 SPECI\u0100L\u0100S PIRMSSKOLAS IZGL\u012aT\u012aBAS PROGRAMMU IZGL\u012aTOJAMIEM AR JAUKTIEM ATT\u012aST\u012aBAS TRAUC\u0112JUMIEM &#8211; programmas kods 01015611\u00a0 SPECI\u0100L\u0100S PAMATIZGL\u012aT\u012aBAS PROGRAMMU IZGL\u012aTOJAMIEM AR M\u0100C\u012a\u0160AN\u0100S TRAUC\u0112JUMIEM &#8211; programmas kods 21015611 &nbsp;<\/p>\n","protected":false},"author":4,"featured_media":0,"parent":0,"menu_order":0,"comment_status":"closed","ping_status":"closed","template":"","meta":{"footnotes":""},"class_list":["post-2078","page","type-page","status-publish","hentry"],"_links":{"self":[{"href":"https:\/\/turlavasskola.kuldiga.lv\/index.php\/wp-json\/wp\/v2\/pages\/2078"}],"collection":[{"href":"https:\/\/turlavasskola.kuldiga.lv\/index.php\/wp-json\/wp\/v2\/pages"}],"about":[{"href":"https:\/\/turlavasskola.kuldiga.lv\/index.php\/wp-json\/wp\/v2\/types\/page"}],"author":[{"embeddable":true,"href":"https:\/\/turlavasskola.kuldiga.lv\/index.php\/wp-json\/wp\/v2\/users\/4"}],"replies":[{"embeddable":true,"href":"https:\/\/turlavasskola.kuldiga.lv\/index.php\/wp-json\/wp\/v2\/comments?post=2078"}],"version-history":[{"count":3,"href":"https:\/\/turlavasskola.kuldiga.lv\/index.php\/wp-json\/wp\/v2\/pages\/2078\/revisions"}],"predecessor-version":[{"id":2567,"href":"https:\/\/turlavasskola.kuldiga.lv\/index.php\/wp-json\/wp\/v2\/pages\/2078\/revisions\/2567"}],"wp:attachment":[{"href":"https:\/\/turlavasskola.kuldiga.lv\/index.php\/wp-json\/wp\/v2\/media?parent=2078"}],"curies":[{"name":"wp","href":"https:\/\/api.w.org\/{rel}","templated":true}]}}