{"id":216,"date":"2021-06-15T21:46:23","date_gmt":"2021-06-15T19:46:23","guid":{"rendered":"https:\/\/turlavasskola.kuldiga.lv\/?page_id=216"},"modified":"2026-05-06T12:57:27","modified_gmt":"2026-05-06T10:57:27","slug":"konsultaciju-grafiks","status":"publish","type":"page","link":"https:\/\/turlavasskola.kuldiga.lv\/index.php\/konsultaciju-grafiks\/","title":{"rendered":"Konsult\u0101cijas un p\u0101rbaudes darbu grafiks"},"content":{"rendered":"\r\n<p><a href=\"http:\/\/turlavasskola.kuldiga.lv\/wp-content\/uploads\/2026\/01\/Image_20260119_0001.pdf\">Konsult\u0101cijas II<\/a><\/p>\r\n\r\n\r\n\r\n<p><a href=\"http:\/\/turlavasskola.kuldiga.lv\/wp-content\/uploads\/2026\/03\/PD-marts.pdf\">PD marts<\/a><\/p>\r\n<p><a href=\"http:\/\/turlavasskola.kuldiga.lv\/wp-content\/uploads\/2026\/04\/PD-aprilis.pdf\">PD apr\u012blis<\/a><\/p>\r\n<p><a href=\"http:\/\/turlavasskola.kuldiga.lv\/wp-content\/uploads\/2026\/05\/PD-maija.pdf\">PD maij\u0101<\/a><\/p>\r\n<p>&nbsp;<\/p>\r\n","protected":false},"excerpt":{"rendered":"<p>Konsult\u0101cijas II PD marts PD apr\u012blis PD maij\u0101 &nbsp;<\/p>\n","protected":false},"author":4,"featured_media":0,"parent":0,"menu_order":0,"comment_status":"closed","ping_status":"closed","template":"","meta":{"footnotes":""},"class_list":["post-216","page","type-page","status-publish","hentry"],"_links":{"self":[{"href":"https:\/\/turlavasskola.kuldiga.lv\/index.php\/wp-json\/wp\/v2\/pages\/216"}],"collection":[{"href":"https:\/\/turlavasskola.kuldiga.lv\/index.php\/wp-json\/wp\/v2\/pages"}],"about":[{"href":"https:\/\/turlavasskola.kuldiga.lv\/index.php\/wp-json\/wp\/v2\/types\/page"}],"author":[{"embeddable":true,"href":"https:\/\/turlavasskola.kuldiga.lv\/index.php\/wp-json\/wp\/v2\/users\/4"}],"replies":[{"embeddable":true,"href":"https:\/\/turlavasskola.kuldiga.lv\/index.php\/wp-json\/wp\/v2\/comments?post=216"}],"version-history":[{"count":37,"href":"https:\/\/turlavasskola.kuldiga.lv\/index.php\/wp-json\/wp\/v2\/pages\/216\/revisions"}],"predecessor-version":[{"id":3621,"href":"https:\/\/turlavasskola.kuldiga.lv\/index.php\/wp-json\/wp\/v2\/pages\/216\/revisions\/3621"}],"wp:attachment":[{"href":"https:\/\/turlavasskola.kuldiga.lv\/index.php\/wp-json\/wp\/v2\/media?parent=216"}],"curies":[{"name":"wp","href":"https:\/\/api.w.org\/{rel}","templated":true}]}}