{"id":222,"date":"2021-06-15T21:46:58","date_gmt":"2021-06-15T19:46:58","guid":{"rendered":"https:\/\/turlavasskola.kuldiga.lv\/?page_id=222"},"modified":"2024-11-18T12:03:49","modified_gmt":"2024-11-18T10:03:49","slug":"karjeras-izglitiba","status":"publish","type":"page","link":"https:\/\/turlavasskola.kuldiga.lv\/index.php\/karjeras-izglitiba\/","title":{"rendered":"Karjeras izgl\u012bt\u012bba"},"content":{"rendered":"\r\n\r\n\r\n<div>\u00a0<\/div>\r\n<div class=\"wp-block-file\"><a href=\"http:\/\/turlavasskola.kuldiga.lv\/wp-content\/uploads\/2024\/10\/Karjeras_izglitibas_programma.pdf\"><strong>KARJERAS IZGL\u012aT\u012aBAS PROGRAMMA TURLAVAS PAMATSKOL\u0100 <\/strong>Karjeras_izgl\u012at\u012abas_programma<\/a><a id=\"wp-block-file--media-b4921708-508a-4036-84ad-7f8461c3c64e\" href=\"https:\/\/turlavasskola.kuldiga.lv\/wp-content\/uploads\/2021\/09\/Karjeras-izglitibas-programma-Turlava-1-1.pdf\"><\/a><\/div>\r\n<div><strong>AKTUALIT\u0100TES KULD\u012aGAS NOVAD\u0100 KARJERAS IZGL\u012aT\u012aB\u0100<\/strong>\u00a0<a href=\"https:\/\/www.kuldigasbjc.lv\/karjera-un-audzinasana\/karjera\/\">https:\/\/www.kuldigasbjc.lv\/karjera-un-audzinasana\/karjera\/<\/a><\/div>\r\n\r\n\r\n\r\n<p><strong>KARJERAS NED\u0112\u013bA TURLAVAS PAMATSKOL\u0100 2024.\/2025.m.g. <\/strong><a href=\"http:\/\/turlavasskola.kuldiga.lv\/wp-content\/uploads\/2024\/11\/Karjeras_nedela_2024.pdf\">Karjeras_ned\u0113\u013ca_2024<\/a><\/p>\r\n<p><strong>KARJERAS RESURSI:<\/strong><\/p>\r\n<ul>\r\n<li><strong>PROFESIJU PASAULE\u00a0<\/strong><a href=\"https:\/\/www.profesijupasaule.lv\/\">https:\/\/www.profesijupasaule.lv\/<\/a><\/li>\r\n<li><strong>KARJERAS IZV\u0112LES TESTI\u00a0<\/strong><a href=\"https:\/\/testi.niid.lv\/\">https:\/\/testi.niid.lv\/<\/a><\/li>\r\n<li><strong>RESURSI IZGL\u012aT\u012aBAS IZV\u0112LEI\u00a0<\/strong> <a href=\"https:\/\/www.niid.lv\/\">https:\/\/www.niid.lv\/<\/a><\/li>\r\n<\/ul>\r\n<p>&nbsp;<\/p>\r\n\r\n\r\n\r\n<figure class=\"wp-block-gallery has-nested-images columns-default is-cropped wp-block-gallery-1 is-layout-flex wp-block-gallery-is-layout-flex\"><\/figure>\r\n","protected":false},"excerpt":{"rendered":"<p>KARJERAS NED\u0112\u013bA TURLAVAS PAMATSKOL\u0100 2024.\/2025.m.g. Karjeras_ned\u0113\u013ca_2024 KARJERAS RESURSI: PROFESIJU PASAULE\u00a0https:\/\/www.profesijupasaule.lv\/ KARJERAS IZV\u0112LES TESTI\u00a0https:\/\/testi.niid.lv\/ RESURSI IZGL\u012aT\u012aBAS IZV\u0112LEI\u00a0 https:\/\/www.niid.lv\/ &nbsp;<\/p>\n","protected":false},"author":4,"featured_media":0,"parent":0,"menu_order":0,"comment_status":"closed","ping_status":"closed","template":"","meta":{"footnotes":""},"class_list":["post-222","page","type-page","status-publish","hentry"],"_links":{"self":[{"href":"https:\/\/turlavasskola.kuldiga.lv\/index.php\/wp-json\/wp\/v2\/pages\/222"}],"collection":[{"href":"https:\/\/turlavasskola.kuldiga.lv\/index.php\/wp-json\/wp\/v2\/pages"}],"about":[{"href":"https:\/\/turlavasskola.kuldiga.lv\/index.php\/wp-json\/wp\/v2\/types\/page"}],"author":[{"embeddable":true,"href":"https:\/\/turlavasskola.kuldiga.lv\/index.php\/wp-json\/wp\/v2\/users\/4"}],"replies":[{"embeddable":true,"href":"https:\/\/turlavasskola.kuldiga.lv\/index.php\/wp-json\/wp\/v2\/comments?post=222"}],"version-history":[{"count":20,"href":"https:\/\/turlavasskola.kuldiga.lv\/index.php\/wp-json\/wp\/v2\/pages\/222\/revisions"}],"predecessor-version":[{"id":2560,"href":"https:\/\/turlavasskola.kuldiga.lv\/index.php\/wp-json\/wp\/v2\/pages\/222\/revisions\/2560"}],"wp:attachment":[{"href":"https:\/\/turlavasskola.kuldiga.lv\/index.php\/wp-json\/wp\/v2\/media?parent=222"}],"curies":[{"name":"wp","href":"https:\/\/api.w.org\/{rel}","templated":true}]}}