{"id":2224,"date":"2024-07-25T09:14:26","date_gmt":"2024-07-25T07:14:26","guid":{"rendered":"https:\/\/turlavasskola.kuldiga.lv\/?page_id=2224"},"modified":"2024-07-25T09:39:38","modified_gmt":"2024-07-25T07:39:38","slug":"skola","status":"publish","type":"page","link":"https:\/\/turlavasskola.kuldiga.lv\/index.php\/skola\/","title":{"rendered":"SKOLA"},"content":{"rendered":"\n<ul class=\"wp-block-list\"><li><a href=\"https:\/\/turlavasskola.kuldiga.lv\/index.php\/izglitibas-programmas\/\">Izgl\u012bt\u012bbas programmas<\/a><\/li><li><a href=\"https:\/\/turlavasskola.kuldiga.lv\/index.php\/stundu-saraksts\/\">Stundu saraksts<\/a><\/li><li><a href=\"https:\/\/turlavasskola.kuldiga.lv\/index.php\/zvani\/\">Zvani<\/a><\/li><li><a href=\"https:\/\/turlavasskola.kuldiga.lv\/index.php\/konsultaciju-grafiks\/\">Konsult\u0101cijas, P\u0101rbaudes darbi<\/a><\/li><li><a href=\"https:\/\/turlavasskola.kuldiga.lv\/index.php\/metodiskais-darbs-2\/\">Metodiskais darbs<\/a><\/li><li><a href=\"https:\/\/turlavasskola.kuldiga.lv\/index.php\/karjeras-izglitiba\/\">Karjeras izgl\u012bt\u012bba<\/a><\/li><li><a href=\"https:\/\/turlavasskola.kuldiga.lv\/index.php\/macibu-lidzekli\/\">M\u0101c\u012bbu l\u012bdzek\u013ci<\/a><\/li><li><a href=\"https:\/\/turlavasskola.kuldiga.lv\/index.php\/valsts-parbaudes-darbu-grafiks\/\">Valsts p\u0101rbaudes darbi 2023.\/2024. m.g.<\/a><\/li><\/ul>\n\n\n\n<p><\/p>\n","protected":false},"excerpt":{"rendered":"<p>Izgl\u012bt\u012bbas programmas Stundu saraksts Zvani Konsult\u0101cijas, P\u0101rbaudes darbi Metodiskais darbs Karjeras izgl\u012bt\u012bba M\u0101c\u012bbu l\u012bdzek\u013ci Valsts p\u0101rbaudes darbi 2023.\/2024. m.g.<\/p>\n","protected":false},"author":4,"featured_media":0,"parent":0,"menu_order":0,"comment_status":"closed","ping_status":"closed","template":"","meta":{"footnotes":""},"class_list":["post-2224","page","type-page","status-publish","hentry"],"_links":{"self":[{"href":"https:\/\/turlavasskola.kuldiga.lv\/index.php\/wp-json\/wp\/v2\/pages\/2224"}],"collection":[{"href":"https:\/\/turlavasskola.kuldiga.lv\/index.php\/wp-json\/wp\/v2\/pages"}],"about":[{"href":"https:\/\/turlavasskola.kuldiga.lv\/index.php\/wp-json\/wp\/v2\/types\/page"}],"author":[{"embeddable":true,"href":"https:\/\/turlavasskola.kuldiga.lv\/index.php\/wp-json\/wp\/v2\/users\/4"}],"replies":[{"embeddable":true,"href":"https:\/\/turlavasskola.kuldiga.lv\/index.php\/wp-json\/wp\/v2\/comments?post=2224"}],"version-history":[{"count":4,"href":"https:\/\/turlavasskola.kuldiga.lv\/index.php\/wp-json\/wp\/v2\/pages\/2224\/revisions"}],"predecessor-version":[{"id":2233,"href":"https:\/\/turlavasskola.kuldiga.lv\/index.php\/wp-json\/wp\/v2\/pages\/2224\/revisions\/2233"}],"wp:attachment":[{"href":"https:\/\/turlavasskola.kuldiga.lv\/index.php\/wp-json\/wp\/v2\/media?parent=2224"}],"curies":[{"name":"wp","href":"https:\/\/api.w.org\/{rel}","templated":true}]}}