{"id":225,"date":"2021-06-15T21:47:10","date_gmt":"2021-06-15T19:47:10","guid":{"rendered":"https:\/\/turlavasskola.kuldiga.lv\/?page_id=225"},"modified":"2026-01-05T21:15:33","modified_gmt":"2026-01-05T19:15:33","slug":"metodiskais-darbs-2","status":"publish","type":"page","link":"https:\/\/turlavasskola.kuldiga.lv\/index.php\/metodiskais-darbs-2\/","title":{"rendered":"Metodiskais darbs"},"content":{"rendered":"<p><strong>METODISK\u0100 DARBA PRIORIT\u0100TES 2025.\/2026.m.g<\/strong>.<a href=\"http:\/\/turlavasskola.kuldiga.lv\/wp-content\/uploads\/2026\/01\/Metodiska-darba-uzdevumi-2025_2026.pdf\">Metodisk\u0101 darba priorit\u0101tes_ 2025_2026<\/a><\/p>\r\n<p><strong>METODISK\u0100 DARBA PRIORIT\u0100TES 2024.\/2025.m.g<\/strong>. <a href=\"http:\/\/turlavasskola.kuldiga.lv\/wp-content\/uploads\/2024\/11\/Metodiska_darba_prioritates_2024._2025.pdf\">Metodisk\u0101_darba_priorit\u0101tes_2024._2025<\/a><\/p>\r\n<p><strong>Kuld\u012bgas novad\u0101 vienot\u0101 STUNDU V\u0112RO\u0160ANAS LAPA<\/strong>\u00a0 <a href=\"http:\/\/turlavasskola.kuldiga.lv\/wp-content\/uploads\/2025\/01\/stundu-verosanas-lapa.pdf\">stundu v\u0113ro\u0161anas lapa<\/a><\/p>\r\n<p><strong>SAVSTARP\u0112J\u0100 M\u0100C\u012aBU STUNDU V\u0112RO\u0160ANAS LAPA<\/strong><strong>(Turlavas pamatskolas 2024.\/2025.m.g.METODISKAJ\u0100 DARBA PL\u0100N\u0100 IZVIRZ\u012aTO PRIORIT\u0100RO KRIT\u0112RIJU (tekstprat\u012bba, darba kult\u016bra) realiz\u0101cijas IZV\u0112RT\u0112JUMAM\u00a0 <\/strong><a href=\"http:\/\/turlavasskola.kuldiga.lv\/wp-content\/uploads\/2025\/01\/stundu_verosanas_lapa_2024.pdf\">stundu_v\u0113ro\u0161anas_lapa_2024<\/a><\/p>\r\n","protected":false},"excerpt":{"rendered":"<p>METODISK\u0100 DARBA PRIORIT\u0100TES 2025.\/2026.m.g.Metodisk\u0101 darba priorit\u0101tes_ 2025_2026 METODISK\u0100 DARBA PRIORIT\u0100TES 2024.\/2025.m.g. Metodisk\u0101_darba_priorit\u0101tes_2024._2025 Kuld\u012bgas novad\u0101 vienot\u0101 STUNDU V\u0112RO\u0160ANAS LAPA\u00a0 stundu v\u0113ro\u0161anas lapa SAVSTARP\u0112J\u0100 M\u0100C\u012aBU STUNDU V\u0112RO\u0160ANAS LAPA(Turlavas pamatskolas 2024.\/2025.m.g.METODISKAJ\u0100 DARBA PL\u0100N\u0100 IZVIRZ\u012aTO PRIORIT\u0100RO KRIT\u0112RIJU (tekstprat\u012bba, darba kult\u016bra) realiz\u0101cijas IZV\u0112RT\u0112JUMAM\u00a0 stundu_v\u0113ro\u0161anas_lapa_2024<\/p>\n","protected":false},"author":4,"featured_media":0,"parent":0,"menu_order":0,"comment_status":"closed","ping_status":"closed","template":"","meta":{"footnotes":""},"class_list":["post-225","page","type-page","status-publish","hentry"],"_links":{"self":[{"href":"https:\/\/turlavasskola.kuldiga.lv\/index.php\/wp-json\/wp\/v2\/pages\/225"}],"collection":[{"href":"https:\/\/turlavasskola.kuldiga.lv\/index.php\/wp-json\/wp\/v2\/pages"}],"about":[{"href":"https:\/\/turlavasskola.kuldiga.lv\/index.php\/wp-json\/wp\/v2\/types\/page"}],"author":[{"embeddable":true,"href":"https:\/\/turlavasskola.kuldiga.lv\/index.php\/wp-json\/wp\/v2\/users\/4"}],"replies":[{"embeddable":true,"href":"https:\/\/turlavasskola.kuldiga.lv\/index.php\/wp-json\/wp\/v2\/comments?post=225"}],"version-history":[{"count":11,"href":"https:\/\/turlavasskola.kuldiga.lv\/index.php\/wp-json\/wp\/v2\/pages\/225\/revisions"}],"predecessor-version":[{"id":3384,"href":"https:\/\/turlavasskola.kuldiga.lv\/index.php\/wp-json\/wp\/v2\/pages\/225\/revisions\/3384"}],"wp:attachment":[{"href":"https:\/\/turlavasskola.kuldiga.lv\/index.php\/wp-json\/wp\/v2\/media?parent=225"}],"curies":[{"name":"wp","href":"https:\/\/api.w.org\/{rel}","templated":true}]}}