{"id":246,"date":"2021-06-15T21:54:24","date_gmt":"2021-06-15T19:54:24","guid":{"rendered":"https:\/\/turlavasskola.kuldiga.lv\/?page_id=246"},"modified":"2024-04-20T04:12:21","modified_gmt":"2024-04-20T02:12:21","slug":"pumpurs","status":"publish","type":"page","link":"https:\/\/turlavasskola.kuldiga.lv\/index.php\/pumpurs\/","title":{"rendered":"Erasmus+ l\u012bdzdal\u012bbas projekts &#8220;B\u016bt drosm\u012bgam &#8211; nav kauns!&#8221;"},"content":{"rendered":"\n<figure class=\"wp-block-image size-large\"><img loading=\"lazy\" decoding=\"async\" width=\"1024\" height=\"768\" src=\"https:\/\/turlavasskola.kuldiga.lv\/wp-content\/uploads\/2024\/04\/437387238_446614491273161_3080954875627496221_n-1024x768.jpg\" alt=\"\" class=\"wp-image-2101\" srcset=\"https:\/\/turlavasskola.kuldiga.lv\/wp-content\/uploads\/2024\/04\/437387238_446614491273161_3080954875627496221_n-1024x768.jpg 1024w, https:\/\/turlavasskola.kuldiga.lv\/wp-content\/uploads\/2024\/04\/437387238_446614491273161_3080954875627496221_n-300x225.jpg 300w, https:\/\/turlavasskola.kuldiga.lv\/wp-content\/uploads\/2024\/04\/437387238_446614491273161_3080954875627496221_n-768x576.jpg 768w, https:\/\/turlavasskola.kuldiga.lv\/wp-content\/uploads\/2024\/04\/437387238_446614491273161_3080954875627496221_n-1536x1152.jpg 1536w, https:\/\/turlavasskola.kuldiga.lv\/wp-content\/uploads\/2024\/04\/437387238_446614491273161_3080954875627496221_n.jpg 2048w\" sizes=\"(max-width: 767px) 89vw, (max-width: 1000px) 54vw, (max-width: 1071px) 543px, 580px\" \/><figcaption>Turlavas pamatskolas skol\u0113ni kop\u0101 ar dzied\u0101t\u0101ju Gr\u0113tu Granti\u0146u (vid\u016b)<\/figcaption><\/figure>\n\n\n\n<p>Turlavas pamatskola k\u0101 sadarb\u012bbas partneris iesaist\u012bj\u0101s V\u0101rmes pamatskolas skolot\u0101jas Ineses Kr\u016bmi\u0146as realiz\u0113taj\u0101 Erasmus+ l\u012bdzdal\u012bbas projekt\u0101 <strong>&#8220;B\u016bt drosm\u012bgam nav kauns!&#8221;<\/strong><\/p>\n\n\n\n<p>Projekt\u0101, kura m\u0113r\u0137is ir <strong>rosin\u0101t izpratni par katra jaunie\u0161a ietekmi un l\u012bdzdarbo\u0161anos, savas karjeras izv\u0113l\u0113 un veido\u0161an\u0101, svar\u012bgumu viet\u0113j\u0101 un Eiropas kontekst<\/strong>\u0101, m\u016bsu skolas devi\u0146i jaunie\u0161i <strong>2023.gada 28. novembr\u012b<\/strong>\u00a0V\u0101rmes pamatskol\u0101 piedal\u012bj\u0101s diskusij\u0101 <strong>&#8220;K\u0101 \u0113\u0161anas paradumi ietekm\u0113 cilv\u0113ka vesel\u012bbu pozit\u012bvi\/negat\u012bvi?&#8221; <\/strong>Skol\u0113ni m\u0101c\u012bj\u0101s veidot argumentus par vai pret noteiktu uzst\u0101d\u012bjumu. Jaunie\u0161i veidoja &#8220;Vesel\u012bga dz\u012bvesveida karti&#8221;, m\u0101c\u012bj\u0101s sadarboties grup\u0101 veicinot p\u0113tniec\u012bbu, organiz\u0113\u0161anu, klaus\u012b\u0161anos, pierakst\u012b\u0161anu. M\u0101c\u012bj\u0101s nostiprin\u0101t publisk\u0101s uzst\u0101\u0161an\u0101s prasmes un izpratni par kritisko dom\u0101\u0161anu.<\/p>\n\n\n\n<p><strong>2024.gada 18. janv\u0101r\u012b<\/strong>\u00a0V\u0101rmes pamatskol\u0101 notika  otr\u0101 diskusija ar deba\u0161u elementiem. \u0160oreiz\u00a0 par t\u0113mu <strong>&#8220;Vai izgl\u012bt\u012bbai ir noz\u012bme jaunie\u0161a n\u0101kotnes m\u0113r\u0137u \u012bsteno\u0161an\u0101? &#8221; <\/strong>Diskusiju vad\u012bja ekspertes no Liep\u0101jas &#8220;Deba\u0161u centra&#8221; Ineta Dr\u0113\u017ee un Dace Groduma-V\u012bri\u0146a, k\u0101 ar\u012b V\u0101rmes pamatskolas bijus\u012b latvie\u0161u valodas un literat\u016bras skolot\u0101ja Rita K\u016ble. <\/p>\n\n\n\n<p>P\u0113c argumentu veido\u0161anas, savu viedok\u013cu aizst\u0101v\u0113\u0161anas un pamato\u0161anas jaunie\u0161i veidoja savu <strong>&#8220;Ide\u0101l\u0101s skolas &#8211; ide\u0101lo skolas somu&#8221;<\/strong>, prezent\u0113jot un argument\u0113jot k\u0101dai tai b\u016btu j\u0101b\u016bt p\u0113c vi\u0146u dom\u0101m!<\/p>\n\n\n\n<p><strong>2024.gada 20.febru\u0101r\u012b<\/strong>\u00a0 tre\u0161o reizi V\u0101rmes pamatskol\u0101 Kri\u0161j\u0101\u0146a Ber\u0137a (pas\u0101kumu vad\u012bt\u0101js, improvizators) vad\u012bb\u0101 jaunie\u0161iem bija iesp\u0113ja apg\u016bt<strong> publisk\u0101s uzst\u0101\u0161an\u0101s m\u0101kslas pamatprincipus<\/strong>. Rado\u0161\u0101 darbn\u012bca bija praktiska, un katram tika dota iesp\u0113ja b\u016bt aktierim un caur interesantiem uzdevumiem improviz\u0113t. Jaunie\u0161i apguva konkr\u0113tas iema\u0146as, metodes, strat\u0113\u0123ijas, kuras var izmantot komunik\u0101cij\u0101 &#8211; klaus\u012b\u0161an\u0101s, stresa p\u0101rvar\u0113\u0161ana, runas stils, \u0137erme\u0146a kust\u012bba, v\u0101rdu kr\u0101jums, inton\u0101cija u.c. <\/p>\n\n\n\n<p><strong>2024. gada 19. apr\u012bl\u012b <\/strong>nosl\u0113guma pas\u0101kum\u0101 ar savu karjeras izaugsmes st\u0101stu ar jaunie\u0161iem dal\u012bj\u0101s  <strong>dzied\u0101t\u0101ja Gr\u0113ta Granti\u0146a.<\/strong> Jaunie\u0161i atzina, ka \u0161\u012b projekta ietvaros guvu\u0161i daudz sev noder\u012bgu atzi\u0146u un vi\u0146u <strong>pa\u0161apzi\u0146a un tic\u012bba saviem sp\u0113kiem un iesp\u0113j\u0101m augusi.<\/strong><\/p>\n","protected":false},"excerpt":{"rendered":"<p>Turlavas pamatskola k\u0101 sadarb\u012bbas partneris iesaist\u012bj\u0101s V\u0101rmes pamatskolas skolot\u0101jas Ineses Kr\u016bmi\u0146as realiz\u0113taj\u0101 Erasmus+ l\u012bdzdal\u012bbas projekt\u0101 &#8220;B\u016bt drosm\u012bgam nav kauns!&#8221; Projekt\u0101, kura m\u0113r\u0137is ir rosin\u0101t izpratni par katra jaunie\u0161a ietekmi un l\u012bdzdarbo\u0161anos, savas karjeras izv\u0113l\u0113 un veido\u0161an\u0101, svar\u012bgumu viet\u0113j\u0101 un Eiropas kontekst\u0101, m\u016bsu skolas devi\u0146i jaunie\u0161i 2023.gada 28. novembr\u012b\u00a0V\u0101rmes pamatskol\u0101 piedal\u012bj\u0101s diskusij\u0101 &#8220;K\u0101 \u0113\u0161anas paradumi ietekm\u0113 &hellip; <\/p>\n<p class=\"link-more\"><a href=\"https:\/\/turlavasskola.kuldiga.lv\/index.php\/pumpurs\/\" class=\"more-link\">Turpin\u0101t las\u012bt<span class=\"screen-reader-text\"> &#8220;Erasmus+ l\u012bdzdal\u012bbas projekts &#8220;B\u016bt drosm\u012bgam &#8211; nav kauns!&#8221;&#8221;<\/span><\/a><\/p>\n","protected":false},"author":4,"featured_media":0,"parent":0,"menu_order":0,"comment_status":"closed","ping_status":"closed","template":"","meta":{"footnotes":""},"class_list":["post-246","page","type-page","status-publish","hentry"],"_links":{"self":[{"href":"https:\/\/turlavasskola.kuldiga.lv\/index.php\/wp-json\/wp\/v2\/pages\/246"}],"collection":[{"href":"https:\/\/turlavasskola.kuldiga.lv\/index.php\/wp-json\/wp\/v2\/pages"}],"about":[{"href":"https:\/\/turlavasskola.kuldiga.lv\/index.php\/wp-json\/wp\/v2\/types\/page"}],"author":[{"embeddable":true,"href":"https:\/\/turlavasskola.kuldiga.lv\/index.php\/wp-json\/wp\/v2\/users\/4"}],"replies":[{"embeddable":true,"href":"https:\/\/turlavasskola.kuldiga.lv\/index.php\/wp-json\/wp\/v2\/comments?post=246"}],"version-history":[{"count":6,"href":"https:\/\/turlavasskola.kuldiga.lv\/index.php\/wp-json\/wp\/v2\/pages\/246\/revisions"}],"predecessor-version":[{"id":2102,"href":"https:\/\/turlavasskola.kuldiga.lv\/index.php\/wp-json\/wp\/v2\/pages\/246\/revisions\/2102"}],"wp:attachment":[{"href":"https:\/\/turlavasskola.kuldiga.lv\/index.php\/wp-json\/wp\/v2\/media?parent=246"}],"curies":[{"name":"wp","href":"https:\/\/api.w.org\/{rel}","templated":true}]}}