{"id":250,"date":"2021-06-15T21:55:33","date_gmt":"2021-06-15T19:55:33","guid":{"rendered":"https:\/\/turlavasskola.kuldiga.lv\/?page_id=250"},"modified":"2025-09-16T15:34:35","modified_gmt":"2025-09-16T13:34:35","slug":"pirmsskolas-grupas","status":"publish","type":"page","link":"https:\/\/turlavasskola.kuldiga.lv\/index.php\/pirmsskolas-grupas\/","title":{"rendered":"Pirmsskolas grupas"},"content":{"rendered":"\r\n<p style=\"text-align: center;\"><strong>L\u0100\u010cUKS<\/strong><\/p>\r\n<p>B\u0113rni <strong>vecum\u0101 no 1,5 l\u012bdz 4 gadiem<\/strong> pirmo priek\u0161statu par dabaszin\u012bb\u0101m, matem\u0101tiku, valodu, m\u016bziku, tehnolo\u0123ii\u0101m un fizisko aktivit\u0101ti apg\u016bst <strong>pirmsskolas grup\u0101 &#8220;L\u0100\u010cUKS&#8221;. <\/strong><\/p>\r\n\r\n\r\n\r\n<p>\u00a0<span style=\"font-size: 1rem;\">Ar \u0161o grupu ikdien\u0101 ir kop\u0101 <\/span><span style=\"font-size: 1rem;\">\u00a0skolot\u0101jas <\/span><strong>D\u017dANITA FREIJA, <\/strong><strong>\u00a0GUNTA KR\u016aMI\u0145A <\/strong>un <span style=\"font-size: 1rem;\">skolot\u0101jas pal\u012bdze<\/span><strong style=\"font-size: 1rem;\">\u00a0LAURA PEL\u0112K\u0100<\/strong><span style=\"font-size: 1rem;\">.<\/span><\/p>\r\n\r\n\r\n\r\n\r\n\r\n\r\n\r\n<figure class=\"wp-block-image size-large is-resized\"><img loading=\"lazy\" decoding=\"async\" class=\"wp-image-1659\" src=\"https:\/\/turlavasskola.kuldiga.lv\/wp-content\/uploads\/2023\/09\/WhatsApp-Image-2023-06-09-at-20.24.05-1024x768.jpeg\" alt=\"\" width=\"507\" height=\"380\" srcset=\"https:\/\/turlavasskola.kuldiga.lv\/wp-content\/uploads\/2023\/09\/WhatsApp-Image-2023-06-09-at-20.24.05-1024x768.jpeg 1024w, https:\/\/turlavasskola.kuldiga.lv\/wp-content\/uploads\/2023\/09\/WhatsApp-Image-2023-06-09-at-20.24.05-300x225.jpeg 300w, https:\/\/turlavasskola.kuldiga.lv\/wp-content\/uploads\/2023\/09\/WhatsApp-Image-2023-06-09-at-20.24.05-768x576.jpeg 768w, https:\/\/turlavasskola.kuldiga.lv\/wp-content\/uploads\/2023\/09\/WhatsApp-Image-2023-06-09-at-20.24.05-1536x1152.jpeg 1536w, https:\/\/turlavasskola.kuldiga.lv\/wp-content\/uploads\/2023\/09\/WhatsApp-Image-2023-06-09-at-20.24.05-rotated.jpeg 2000w\" sizes=\"(max-width: 507px) 100vw, 507px\" \/>\r\n<figcaption>2023. gada maij\u0101<br \/><br \/><strong>\u00a0 \u00a0 \u00a0 \u00a0 \u00a0 \u00a0 \u00a0 \u00a0 \u00a0 \u00a0 \u00a0 \u00a0 \u00a0 \u00a0 \u00a0 \u00a0 \u00a0 \u00a0 \u00a0 \u00a0 \u00a0 \u00a0 \u00a0 \u00a0 \u00a0 \u00a0 \u00a0 \u00a0 \u00a0PEL\u012aTES<\/strong><\/figcaption>\r\n<\/figure>\r\n\r\n\r\n\r\n<p>Laidu pagasta b\u0113rni <strong>vecum\u0101 no 1,5 l\u012bdz 6 gadiem<\/strong> pirmo priek\u0161statu par dabaszin\u012bb\u0101m, matem\u0101tiku, valodu, tehnolo\u0123ij\u0101m un fizisk\u0101m aktivit\u0101t\u0113m apg\u016bst\u00a0<strong style=\"font-size: 1rem;\">\u00a0<\/strong><span style=\"font-size: 1rem;\">Serm\u012bt\u0113 <\/span><strong style=\"font-size: 1rem;\">pirmsskolas grup\u0101 &#8220;Pel\u012btes&#8221;<\/strong><strong style=\"font-size: 1rem;\">.<\/strong><\/p>\r\n\r\n\r\n\r\n<figure class=\"wp-block-image size-large is-resized\"><img loading=\"lazy\" decoding=\"async\" class=\"wp-image-1285\" src=\"https:\/\/turlavasskola.kuldiga.lv\/wp-content\/uploads\/2023\/01\/Pelites-768x1024.jpeg\" alt=\"\" width=\"508\" height=\"676\" srcset=\"https:\/\/turlavasskola.kuldiga.lv\/wp-content\/uploads\/2023\/01\/Pelites-768x1024.jpeg 768w, https:\/\/turlavasskola.kuldiga.lv\/wp-content\/uploads\/2023\/01\/Pelites-225x300.jpeg 225w, https:\/\/turlavasskola.kuldiga.lv\/wp-content\/uploads\/2023\/01\/Pelites-1152x1536.jpeg 1152w, https:\/\/turlavasskola.kuldiga.lv\/wp-content\/uploads\/2023\/01\/Pelites.jpeg 1536w\" sizes=\"(max-width: 508px) 100vw, 508px\" \/>\r\n<figcaption>Grupas &#8220;Pel\u012btes&#8221; audz\u0113k\u0146i ar audzin\u0101t\u0101ju Vairu Rudzrogu Aizput\u0113 2022. gada oktobr\u012b.<\/figcaption>\r\n<\/figure>\r\n\r\n\r\n\r\n<p>Ikdien\u0101 ar \u0161iem b\u0113rniem kop\u0101 ir skolot\u0101ja <strong>VAIRA RUDZROGA<\/strong><\/p>\r\n\r\n\r\n\r\n\r\n\r\n<p>un skolot\u0101jas pal\u012bdzes <strong>DINNIJA ODI\u0145A un MARITA BUTA.<\/strong><\/p>\r\n\r\n\r\n\r\n\r\n\r\n<p style=\"text-align: center;\"><strong>P\u016aC\u012aTES<\/strong><\/p>\r\n<p>B\u0113rni vecum\u0101 <strong>no 4 l\u012bdz 6 gadiem<\/strong> pirmo priek\u0161statu par dabaszin\u012bb\u0101m, matem\u0101tiku, valodu, m\u016bziku, tehnolo\u0123ii\u0101m un fizisko aktivit\u0101ti <strong>apg\u016bst pirmsskolas grup\u0101 &#8220;P\u016bc\u012btes&#8221;<\/strong>\u00a0<\/p>\r\n\r\n\r\n\r\n<figure class=\"wp-block-image size-large is-resized\"><\/figure>\r\n<p><img loading=\"lazy\" decoding=\"async\" class=\"alignnone  wp-image-3222\" src=\"http:\/\/turlavasskola.kuldiga.lv\/wp-content\/uploads\/2025\/09\/WhatsApp-Image-2025-09-15-at-14.34.51-300x225.jpeg\" alt=\"\" width=\"550\" height=\"412\" srcset=\"https:\/\/turlavasskola.kuldiga.lv\/wp-content\/uploads\/2025\/09\/WhatsApp-Image-2025-09-15-at-14.34.51-300x225.jpeg 300w, https:\/\/turlavasskola.kuldiga.lv\/wp-content\/uploads\/2025\/09\/WhatsApp-Image-2025-09-15-at-14.34.51-1024x768.jpeg 1024w, https:\/\/turlavasskola.kuldiga.lv\/wp-content\/uploads\/2025\/09\/WhatsApp-Image-2025-09-15-at-14.34.51-768x576.jpeg 768w, https:\/\/turlavasskola.kuldiga.lv\/wp-content\/uploads\/2025\/09\/WhatsApp-Image-2025-09-15-at-14.34.51-1536x1152.jpeg 1536w, https:\/\/turlavasskola.kuldiga.lv\/wp-content\/uploads\/2025\/09\/WhatsApp-Image-2025-09-15-at-14.34.51.jpeg 2048w\" sizes=\"(max-width: 550px) 100vw, 550px\" \/><\/p>\r\n<p>2025.gada septembr\u012b\u00a0 b\u0113rni dev\u0101s p\u0101rg\u0101jien\u0101 uz\u00a0 viet\u0113jo saimniec\u012bbu Turlavas pagast\u0101 &#8220;Zelt\u012btes d\u0101rzniec\u012bba&#8221;<\/p>\r\n\r\n\r\n\r\n<p>Ar \u0161o grupu ikdien\u0101 ir kop\u0101 skolot\u0101jas <strong>DAGNIJA PULTURE<\/strong>,\u00a0 <strong>MONTA ORLOVA<\/strong><\/p>\r\n<p>un skolot\u0101ju pal\u012bdze <strong>IN\u0100RA D\u0112NAVA<\/strong>.<\/p>\r\n\r\n\r\n\r\n<p>&nbsp;<\/p>\r\n\r\n\r\n\r\n\r\n\r\n<p>&nbsp;<\/p>\r\n","protected":false},"excerpt":{"rendered":"<p>L\u0100\u010cUKS B\u0113rni vecum\u0101 no 1,5 l\u012bdz 4 gadiem pirmo priek\u0161statu par dabaszin\u012bb\u0101m, matem\u0101tiku, valodu, m\u016bziku, tehnolo\u0123ii\u0101m un fizisko aktivit\u0101ti apg\u016bst pirmsskolas grup\u0101 &#8220;L\u0100\u010cUKS&#8221;. \u00a0Ar \u0161o grupu ikdien\u0101 ir kop\u0101 \u00a0skolot\u0101jas D\u017dANITA FREIJA, \u00a0GUNTA KR\u016aMI\u0145A un skolot\u0101jas pal\u012bdze\u00a0LAURA PEL\u0112K\u0100. Laidu pagasta b\u0113rni vecum\u0101 no 1,5 l\u012bdz 6 gadiem pirmo priek\u0161statu par dabaszin\u012bb\u0101m, matem\u0101tiku, valodu, tehnolo\u0123ij\u0101m un &hellip; <\/p>\n<p class=\"link-more\"><a href=\"https:\/\/turlavasskola.kuldiga.lv\/index.php\/pirmsskolas-grupas\/\" class=\"more-link\">Turpin\u0101t las\u012bt<span class=\"screen-reader-text\"> &#8220;Pirmsskolas grupas&#8221;<\/span><\/a><\/p>\n","protected":false},"author":4,"featured_media":0,"parent":0,"menu_order":0,"comment_status":"closed","ping_status":"closed","template":"","meta":{"footnotes":""},"class_list":["post-250","page","type-page","status-publish","hentry"],"_links":{"self":[{"href":"https:\/\/turlavasskola.kuldiga.lv\/index.php\/wp-json\/wp\/v2\/pages\/250"}],"collection":[{"href":"https:\/\/turlavasskola.kuldiga.lv\/index.php\/wp-json\/wp\/v2\/pages"}],"about":[{"href":"https:\/\/turlavasskola.kuldiga.lv\/index.php\/wp-json\/wp\/v2\/types\/page"}],"author":[{"embeddable":true,"href":"https:\/\/turlavasskola.kuldiga.lv\/index.php\/wp-json\/wp\/v2\/users\/4"}],"replies":[{"embeddable":true,"href":"https:\/\/turlavasskola.kuldiga.lv\/index.php\/wp-json\/wp\/v2\/comments?post=250"}],"version-history":[{"count":15,"href":"https:\/\/turlavasskola.kuldiga.lv\/index.php\/wp-json\/wp\/v2\/pages\/250\/revisions"}],"predecessor-version":[{"id":3223,"href":"https:\/\/turlavasskola.kuldiga.lv\/index.php\/wp-json\/wp\/v2\/pages\/250\/revisions\/3223"}],"wp:attachment":[{"href":"https:\/\/turlavasskola.kuldiga.lv\/index.php\/wp-json\/wp\/v2\/media?parent=250"}],"curies":[{"name":"wp","href":"https:\/\/api.w.org\/{rel}","templated":true}]}}