{"id":2516,"date":"2024-11-08T19:13:06","date_gmt":"2024-11-08T17:13:06","guid":{"rendered":"https:\/\/turlavasskola.kuldiga.lv\/?page_id=2516"},"modified":"2024-11-08T19:14:28","modified_gmt":"2024-11-08T17:14:28","slug":"ricibas-algoritms-ja-bernam-ir-akutas-elpcelu-infekcijas-slimibas-pazimes","status":"publish","type":"page","link":"https:\/\/turlavasskola.kuldiga.lv\/index.php\/ricibas-algoritms-ja-bernam-ir-akutas-elpcelu-infekcijas-slimibas-pazimes\/","title":{"rendered":"R\u012bc\u012bbas algoritms, ja b\u0113rnam ir ak\u016btas elpce\u013cu infekcijas slim\u012bbas paz\u012bmes"},"content":{"rendered":"<p><a href=\"http:\/\/turlavasskola.kuldiga.lv\/wp-content\/uploads\/2024\/11\/ricibas-algoritms-aaei_covid_berni-3.pdf\">ricibas-algoritms<\/a><\/p>\n","protected":false},"excerpt":{"rendered":"<p>ricibas-algoritms<\/p>\n","protected":false},"author":4,"featured_media":0,"parent":0,"menu_order":0,"comment_status":"closed","ping_status":"closed","template":"","meta":{"footnotes":""},"class_list":["post-2516","page","type-page","status-publish","hentry"],"_links":{"self":[{"href":"https:\/\/turlavasskola.kuldiga.lv\/index.php\/wp-json\/wp\/v2\/pages\/2516"}],"collection":[{"href":"https:\/\/turlavasskola.kuldiga.lv\/index.php\/wp-json\/wp\/v2\/pages"}],"about":[{"href":"https:\/\/turlavasskola.kuldiga.lv\/index.php\/wp-json\/wp\/v2\/types\/page"}],"author":[{"embeddable":true,"href":"https:\/\/turlavasskola.kuldiga.lv\/index.php\/wp-json\/wp\/v2\/users\/4"}],"replies":[{"embeddable":true,"href":"https:\/\/turlavasskola.kuldiga.lv\/index.php\/wp-json\/wp\/v2\/comments?post=2516"}],"version-history":[{"count":2,"href":"https:\/\/turlavasskola.kuldiga.lv\/index.php\/wp-json\/wp\/v2\/pages\/2516\/revisions"}],"predecessor-version":[{"id":2521,"href":"https:\/\/turlavasskola.kuldiga.lv\/index.php\/wp-json\/wp\/v2\/pages\/2516\/revisions\/2521"}],"wp:attachment":[{"href":"https:\/\/turlavasskola.kuldiga.lv\/index.php\/wp-json\/wp\/v2\/media?parent=2516"}],"curies":[{"name":"wp","href":"https:\/\/api.w.org\/{rel}","templated":true}]}}