{"id":253,"date":"2021-06-15T21:55:47","date_gmt":"2021-06-15T19:55:47","guid":{"rendered":"https:\/\/turlavasskola.kuldiga.lv\/?page_id=253"},"modified":"2025-08-30T13:24:54","modified_gmt":"2025-08-30T11:24:54","slug":"dienas-kartiba","status":"publish","type":"page","link":"https:\/\/turlavasskola.kuldiga.lv\/index.php\/dienas-kartiba\/","title":{"rendered":"Dienas k\u0101rt\u012bba"},"content":{"rendered":"\r\n<p style=\"text-align: center;\">PIRMSSKOLAS GRUPA <strong>&#8220;L\u0101\u010duks&#8221; <\/strong>Turlav\u0101<\/p>\r\n\r\n\r\n\r\n<figure class=\"wp-block-table is-style-regular\">\r\n<p><strong>7.30 \u2013 9.00 <\/strong>\u2013 b\u0113rnu sagaid\u012b\u0161ana, rota\u013cas, individu\u0101lais darbs<\/p>\r\n<p><strong>9.00 \u2013 9.30 <\/strong>\u2013 brokastis<\/p>\r\n<p><strong>\u00a0<\/strong><strong>9.30 \u2013 10.30 \u2013\u00a0 <\/strong>rota\u013cnodarb\u012bbas, individu\u0101lais darbs<\/p>\r\n<p><strong>\u00a0<\/strong><strong>10.30 \u2013 11.30 \u2013<\/strong> pastaiga, rota\u013cnodarb\u012bbas dab\u0101<\/p>\r\n<p><strong>\u00a0<\/strong><strong>11.30 \u2013 12.30 \u2013 <\/strong>gatavo\u0161an\u0101s pusdien\u0101m, pusdienas<\/p>\r\n<p><strong>\u00a0<\/strong><strong>12.30 \u2013 14.50 <\/strong>&#8211; atp\u016bta<\/p>\r\n<p><strong>\u00a0<\/strong><strong>14.50 \u2013 15.20 &#8211;\u00a0<\/strong> launags<\/p>\r\n<p><strong>\u00a0<\/strong><strong>15.20 \u2013 18.30<\/strong> \u2013 rota\u013cas, individu\u0101lais darbs, pastaiga, do\u0161an\u0101s m\u0101j\u0101s<\/p>\r\n<p><strong>\u00a0<\/strong><strong>Pirmdien\u0101s <\/strong>15.15 \u2013 15.45<strong>\u00a0 SPORTS (skolot\u0101ja Madara Nik\u0101ze)<\/strong><\/p>\r\n<p><strong>\u00a0<\/strong><strong>Otrdien\u0101s <\/strong>12.15 \u2013 12.35<strong> M\u016aZIKA (skolot\u0101ja Aleta Lipsne)<\/strong><\/p>\r\n<p><strong>\u00a0<\/strong><strong>Tre\u0161dien\u0101s <\/strong>15.15 \u2013 15.45<strong> sports (skolot\u0101ja Madara Nik\u0101ze)<\/strong><\/p>\r\n<p><strong>\u00a0<\/strong><strong>Ceturtdien\u0101s <\/strong>12.15 \u2013 12.35<strong> M\u016aZIKA (skolot\u0101ja Aleta Lipsne)<\/strong><\/p>\r\n<\/figure>\r\n\r\n\r\n\r\n<p style=\"text-align: center;\"><strong>PIRMSSKOLAS GRUPA<\/strong> <strong>&#8221; P\u016bc\u012btes\u00a0 &#8220;<\/strong><\/p>\r\n\r\n\r\n\r\n<figure class=\"wp-block-table is-style-regular\">\r\n<p><strong>7.30 \u2013 8.45 \u2013 <\/strong>b\u0113rnu iera\u0161an\u0101s<\/p>\r\n<p><strong>\u00a0<\/strong><strong>9.10 \u2013 9.30 \u2013 <\/strong>brokastis<\/p>\r\n<p><strong>\u00a0<\/strong><strong>9.30 \u2013 11.20 \u2013 <\/strong>r\u012bta aplis, rota\u013cnodarb\u012bba<\/p>\r\n<p><strong>\u00a0<\/strong><strong>11.20 \u2013 12.10 \u2013 <\/strong>pastaiga<\/p>\r\n<p><strong>\u00a0<\/strong><strong>12.20 \u2013 13.00 \u2013 <\/strong>pusdienas<\/p>\r\n<p><strong>\u00a0<\/strong><strong>13.00 \u2013 14.40 \u2013\u00a0 <\/strong>zobu t\u012br\u012b\u0161ana, pasaku las\u012b\u0161ana, atp\u016bta<\/p>\r\n<p><strong>\u00a0<\/strong><strong>14.55\u2013 15.15 \u2013 <\/strong>launags<\/p>\r\n<p><strong>\u00a0<\/strong><strong>15.20 \u2013 18.30 <\/strong>individu\u0101las nodarb\u012bbas, rota\u013cas, b\u0113rni dodas m\u0101j\u0101s<\/p>\r\n<p><strong>Pirmdien\u0101s <\/strong>11.30 \u2013 12.00 <strong>te\u0101tris \u201cMazais sp\u0113lman\u012btis\u201d (skolot\u0101ja Aija Botsmane)<\/strong><\/p>\r\n<p><strong>\u00a0<\/strong><strong>Pirmdien\u0101s <\/strong>15.15 \u2013 15.45<strong> sports (skolot\u0101ja Madara Nik\u0101ze)<\/strong><\/p>\r\n<p><strong>\u00a0<\/strong><strong>Otrdien\u0101s <\/strong>10.40 \u2013 12.00<strong> ang\u013cu valoda (skolot\u0101ja Zane Veigelte)<\/strong><\/p>\r\n<p><strong>\u00a0<\/strong><strong>Otrdien\u0101s <\/strong>15.00 \u2013 15.30<strong> m\u016bzika (skolot\u0101ja Aleta Lipsne)<\/strong><\/p>\r\n<p><strong>\u00a0<\/strong><strong>Tre\u0161dien\u0101s <\/strong>15.15 \u2013 15.45<strong> sports (skolot\u0101ja Madara Nik\u0101ze)<\/strong><\/p>\r\n<p><strong>\u00a0<\/strong><strong>Ceturtdien\u0101s<\/strong> 15.00 \u2013 15.30 <strong>m\u016bzika (skolot\u0101ja Aleta Lipsne <\/strong><\/p>\r\n<\/figure>\r\n\r\n\r\n\r\n<p style=\"text-align: center;\"><strong>PII grupas \u201cPel\u012btes\u201d dienas ritms<\/strong><\/p>\r\n<p>8:00 \u2013\u00a0 8:30 \u2013 b\u0113rnu iera\u0161an\u0101s<\/p>\r\n<p>9:00 \u2013\u00a0 9:30 \u2013 brokastis, person\u012bg\u0101s higi\u0113nas iev\u0113ro\u0161ana<\/p>\r\n<p>9:30 \u2013 11:00 \u2013 rota\u013cnodarb\u012bbas<\/p>\r\n<p>11:00 \u2013 11:45 \u2013 pastaiga<\/p>\r\n<p>11:45 \u2013 12:15 \u2013 pusdienas<\/p>\r\n<p>12:15 \u2013 12:30 \u2013 person\u012bg\u0101s higi\u0113nas iev\u0113ro\u0161ana<\/p>\r\n<p>12:30 \u2013 14:30 &#8211; atp\u016btas laiks<\/p>\r\n<p>14:30 \u2013 15:00 \u2013 launags<\/p>\r\n<p>15:00 \u2013 17:30 \u2013 individu\u0101l\u0101s rota\u013cas, b\u0113rnu iz\u0146em\u0161ana<\/p>\r\n<p><strong>Tre\u0161dien\u0101s<\/strong> 14.20 \u2013 15.40 te\u0101tris <strong>\u201cMazais sp\u0113lman\u012btis\u201d<\/strong> (skolot\u0101ja <strong>Aija Botsmane<\/strong>)<\/p>\r\n<p>&nbsp;<\/p>\r\n<p>&nbsp;<\/p>\r\n\r\n\r\n\r\n<p>&nbsp;<\/p>\r\n","protected":false},"excerpt":{"rendered":"<p>PIRMSSKOLAS GRUPA &#8220;L\u0101\u010duks&#8221; Turlav\u0101 7.30 \u2013 9.00 \u2013 b\u0113rnu sagaid\u012b\u0161ana, rota\u013cas, individu\u0101lais darbs 9.00 \u2013 9.30 \u2013 brokastis \u00a09.30 \u2013 10.30 \u2013\u00a0 rota\u013cnodarb\u012bbas, individu\u0101lais darbs \u00a010.30 \u2013 11.30 \u2013 pastaiga, rota\u013cnodarb\u012bbas dab\u0101 \u00a011.30 \u2013 12.30 \u2013 gatavo\u0161an\u0101s pusdien\u0101m, pusdienas \u00a012.30 \u2013 14.50 &#8211; atp\u016bta \u00a014.50 \u2013 15.20 &#8211;\u00a0 launags \u00a015.20 \u2013 18.30 \u2013 rota\u013cas, individu\u0101lais &hellip; <\/p>\n<p class=\"link-more\"><a href=\"https:\/\/turlavasskola.kuldiga.lv\/index.php\/dienas-kartiba\/\" class=\"more-link\">Turpin\u0101t las\u012bt<span class=\"screen-reader-text\"> &#8220;Dienas k\u0101rt\u012bba&#8221;<\/span><\/a><\/p>\n","protected":false},"author":4,"featured_media":0,"parent":0,"menu_order":0,"comment_status":"closed","ping_status":"closed","template":"","meta":{"footnotes":""},"class_list":["post-253","page","type-page","status-publish","hentry"],"_links":{"self":[{"href":"https:\/\/turlavasskola.kuldiga.lv\/index.php\/wp-json\/wp\/v2\/pages\/253"}],"collection":[{"href":"https:\/\/turlavasskola.kuldiga.lv\/index.php\/wp-json\/wp\/v2\/pages"}],"about":[{"href":"https:\/\/turlavasskola.kuldiga.lv\/index.php\/wp-json\/wp\/v2\/types\/page"}],"author":[{"embeddable":true,"href":"https:\/\/turlavasskola.kuldiga.lv\/index.php\/wp-json\/wp\/v2\/users\/4"}],"replies":[{"embeddable":true,"href":"https:\/\/turlavasskola.kuldiga.lv\/index.php\/wp-json\/wp\/v2\/comments?post=253"}],"version-history":[{"count":12,"href":"https:\/\/turlavasskola.kuldiga.lv\/index.php\/wp-json\/wp\/v2\/pages\/253\/revisions"}],"predecessor-version":[{"id":3183,"href":"https:\/\/turlavasskola.kuldiga.lv\/index.php\/wp-json\/wp\/v2\/pages\/253\/revisions\/3183"}],"wp:attachment":[{"href":"https:\/\/turlavasskola.kuldiga.lv\/index.php\/wp-json\/wp\/v2\/media?parent=253"}],"curies":[{"name":"wp","href":"https:\/\/api.w.org\/{rel}","templated":true}]}}