{"id":2582,"date":"2024-11-18T18:16:31","date_gmt":"2024-11-18T16:16:31","guid":{"rendered":"https:\/\/turlavasskola.kuldiga.lv\/?page_id=2582"},"modified":"2024-11-18T18:16:31","modified_gmt":"2024-11-18T16:16:31","slug":"nepieciesamais-apgerbs-un-higienas-lidzekli","status":"publish","type":"page","link":"https:\/\/turlavasskola.kuldiga.lv\/index.php\/nepieciesamais-apgerbs-un-higienas-lidzekli\/","title":{"rendered":"Nepiecie\u0161amais ap\u0123\u0113rbs un higi\u0113nas l\u012bdzek\u013ci"},"content":{"rendered":"<p><a href=\"http:\/\/turlavasskola.kuldiga.lv\/wp-content\/uploads\/2024\/11\/Apgerbi-un-higienas-lidzekli-pirmsskola-2024_2025.docx\">Ap\u0123\u0113rbi un higi\u0113nas l\u012bdzek\u013ci pirmsskol\u0101 2024_2025<\/a><\/p>\n","protected":false},"excerpt":{"rendered":"<p>Ap\u0123\u0113rbi un higi\u0113nas l\u012bdzek\u013ci pirmsskol\u0101 2024_2025<\/p>\n","protected":false},"author":4,"featured_media":0,"parent":0,"menu_order":0,"comment_status":"closed","ping_status":"closed","template":"","meta":{"footnotes":""},"class_list":["post-2582","page","type-page","status-publish","hentry"],"_links":{"self":[{"href":"https:\/\/turlavasskola.kuldiga.lv\/index.php\/wp-json\/wp\/v2\/pages\/2582"}],"collection":[{"href":"https:\/\/turlavasskola.kuldiga.lv\/index.php\/wp-json\/wp\/v2\/pages"}],"about":[{"href":"https:\/\/turlavasskola.kuldiga.lv\/index.php\/wp-json\/wp\/v2\/types\/page"}],"author":[{"embeddable":true,"href":"https:\/\/turlavasskola.kuldiga.lv\/index.php\/wp-json\/wp\/v2\/users\/4"}],"replies":[{"embeddable":true,"href":"https:\/\/turlavasskola.kuldiga.lv\/index.php\/wp-json\/wp\/v2\/comments?post=2582"}],"version-history":[{"count":1,"href":"https:\/\/turlavasskola.kuldiga.lv\/index.php\/wp-json\/wp\/v2\/pages\/2582\/revisions"}],"predecessor-version":[{"id":2584,"href":"https:\/\/turlavasskola.kuldiga.lv\/index.php\/wp-json\/wp\/v2\/pages\/2582\/revisions\/2584"}],"wp:attachment":[{"href":"https:\/\/turlavasskola.kuldiga.lv\/index.php\/wp-json\/wp\/v2\/media?parent=2582"}],"curies":[{"name":"wp","href":"https:\/\/api.w.org\/{rel}","templated":true}]}}