{"id":2673,"date":"2024-12-17T14:53:42","date_gmt":"2024-12-17T12:53:42","guid":{"rendered":"https:\/\/turlavasskola.kuldiga.lv\/?page_id=2673"},"modified":"2024-12-17T14:53:42","modified_gmt":"2024-12-17T12:53:42","slug":"pirmsskolas-grupu-ieksejas-kartibas-noteikumi","status":"publish","type":"page","link":"https:\/\/turlavasskola.kuldiga.lv\/index.php\/pirmsskolas-grupu-ieksejas-kartibas-noteikumi\/","title":{"rendered":"Pirmsskolas grupu iek\u0161\u0113j\u0101s k\u0101rt\u012bbas noteikumi"},"content":{"rendered":"<p><a href=\"http:\/\/turlavasskola.kuldiga.lv\/wp-content\/uploads\/2024\/12\/Pirmsskolas-grupu-ieksejas-kartibas-noteikumi-2024.pdf\">Pirmsskolas grupu iek\u0161\u0113j\u0101s k\u0101rt\u012bbas noteikumi 2024<\/a><\/p>\n","protected":false},"excerpt":{"rendered":"<p>Pirmsskolas grupu iek\u0161\u0113j\u0101s k\u0101rt\u012bbas noteikumi 2024<\/p>\n","protected":false},"author":4,"featured_media":0,"parent":0,"menu_order":0,"comment_status":"closed","ping_status":"closed","template":"","meta":{"footnotes":""},"class_list":["post-2673","page","type-page","status-publish","hentry"],"_links":{"self":[{"href":"https:\/\/turlavasskola.kuldiga.lv\/index.php\/wp-json\/wp\/v2\/pages\/2673"}],"collection":[{"href":"https:\/\/turlavasskola.kuldiga.lv\/index.php\/wp-json\/wp\/v2\/pages"}],"about":[{"href":"https:\/\/turlavasskola.kuldiga.lv\/index.php\/wp-json\/wp\/v2\/types\/page"}],"author":[{"embeddable":true,"href":"https:\/\/turlavasskola.kuldiga.lv\/index.php\/wp-json\/wp\/v2\/users\/4"}],"replies":[{"embeddable":true,"href":"https:\/\/turlavasskola.kuldiga.lv\/index.php\/wp-json\/wp\/v2\/comments?post=2673"}],"version-history":[{"count":1,"href":"https:\/\/turlavasskola.kuldiga.lv\/index.php\/wp-json\/wp\/v2\/pages\/2673\/revisions"}],"predecessor-version":[{"id":2675,"href":"https:\/\/turlavasskola.kuldiga.lv\/index.php\/wp-json\/wp\/v2\/pages\/2673\/revisions\/2675"}],"wp:attachment":[{"href":"https:\/\/turlavasskola.kuldiga.lv\/index.php\/wp-json\/wp\/v2\/media?parent=2673"}],"curies":[{"name":"wp","href":"https:\/\/api.w.org\/{rel}","templated":true}]}}