{"id":481,"date":"2021-08-18T18:16:10","date_gmt":"2021-08-18T16:16:10","guid":{"rendered":"https:\/\/turlavasskola.kuldiga.lv\/?page_id=481"},"modified":"2021-08-18T18:16:56","modified_gmt":"2021-08-18T16:16:56","slug":"sikdatnu-politika","status":"publish","type":"page","link":"https:\/\/turlavasskola.kuldiga.lv\/index.php\/sikdatnu-politika\/","title":{"rendered":"S\u012bkdat\u0146u politika"},"content":{"rendered":"\n<p><strong>Turlavas pamatskolas s\u012bkdat\u0146u izmanto\u0161anas politika<\/strong><\/p>\n\n\n\n<p>Turlavas pamatskolas, turpm\u0101k &#8211; P\u0101rzinis, s\u012bkdat\u0146u izmanto\u0161anas politikas m\u0113r\u0137is ir sniegt fiziskajai personai\/klientam \u2013 inform\u0101ciju par s\u012bkdat\u0146u izmanto\u0161anas nosac\u012bjumiem.<\/p>\n\n\n\n<p>S\u012bkdatnes ir mazas teksta datnes, kuras t\u012bmek\u013ca p\u0101rl\u016bkprogramma (piem\u0113ram, Internet, Explorer, Firexox, Safari u.c.) saglab\u0101 lietot\u0101ja galiek\u0101rt\u0101 (dator\u0101, mobilaj\u0101 t\u0101lrun\u012b, plan\u0161et\u0113) br\u012bd\u012b, kad lietot\u0101js apmekl\u0113 t\u012bmek\u013ca vietni, lai identific\u0113tu p\u0101rl\u016bkprogrammu vai p\u0101rl\u016bkprogramm\u0101 saglab\u0101tu inform\u0101ciju vai iestat\u012bjumus. T\u0101d\u0113j\u0101di ar s\u012bkdat\u0146u pal\u012bdz\u012bbu t\u012bmek\u013cvietne ieg\u016bst sp\u0113ju saglab\u0101t lietot\u0101ja individu\u0101los iestat\u012bjumus, atpaz\u012bt vi\u0146u un atbilsto\u0161i rea\u0123\u0113t, ar m\u0113r\u0137i uzlabot vietnes lieto\u0161anas pieredzi. Lietot\u0101js var atsp\u0113jot vai ierobe\u017eot s\u012bkdat\u0146u izmanto\u0161anu, ta\u010du bez s\u012bkdatn\u0113m neb\u016bs iesp\u0113jams pilnv\u0113rt\u012bgi izmantot visas viet\u0146u funkcijas.<\/p>\n\n\n\n<p>Atkar\u012bb\u0101 no veicamaj\u0101m funkcij\u0101m un izmanto\u0161anas m\u0113r\u0137a, P\u0101rzinis izmanto oblig\u0101t\u0101s s\u012bkdatnes, funkcion\u0101l\u0101s s\u012bkdatnes, anal\u012btisk\u0101s s\u012bkdatnes un m\u0113r\u0137\u0113\u0161anas (rekl\u0101mas) s\u012bkdatnes.<\/p>\n\n\n\n<p>Oblig\u0101t\u0101s s\u012bkdatnes nepiecie\u0161amas, lai lietot\u0101js var\u0113tu br\u012bvi apmekl\u0113t un p\u0101rl\u016bkot t\u012bmek\u013ca vietni un izmantot t\u0101s pied\u0101v\u0101t\u0101s iesp\u0113jas, taj\u0101 skait\u0101 ieg\u016bt inform\u0101ciju par pakalpojumiem un ieg\u0101d\u0101ties tos. \u0160\u012bs s\u012bkdatnes identific\u0113 lietot\u0101ja iek\u0101rtu, ta\u010du neizpau\u017e lietot\u0101ja identit\u0101ti, k\u0101 ar\u012b t\u0101s nev\u0101c un neapkopo inform\u0101ciju. Bez \u0161\u012bm s\u012bkdatn\u0113m t\u012bmek\u013ca vietne nevar\u0113s pilnv\u0113rt\u012bgi darboties, piem\u0113ram, sniegt lietot\u0101jam nepiecie\u0161amo inform\u0101ciju, nodro\u0161in\u0101t piepras\u012btos pakalpojumus. \u0160\u012bs s\u012bkdatnes tiek glab\u0101tas lietot\u0101ja iek\u0101rt\u0101 l\u012bdz br\u012bdim, kad tiek aizv\u0113rta t\u012bmek\u013ca p\u0101rl\u016bkprogramma.<\/p>\n\n\n\n<p>Funkcion\u0101l\u0101s s\u012bkdatnes atceras lietot\u0101ja izv\u0113l\u0113tos uzst\u0101d\u012bjumus un veikt\u0101s izv\u0113les, lai lietot\u0101js var\u0113tu \u0113rt\u0101k lietot vietni. \u0160\u012bs s\u012bkdatnes glab\u0101jas lietot\u0101ja iek\u0101rt\u0101 past\u0101v\u012bgi.<\/p>\n\n\n\n<p>Anal\u012btisk\u0101s s\u012bkdatnes apkopo inform\u0101ciju, k\u0101 lietot\u0101js lieto t\u012bmek\u013cvietni, konstat\u0113 bie\u017e\u0101k apmekl\u0113t\u0101s sada\u013cas, ieskaitot saturu, kuru lietot\u0101js izv\u0113lies, p\u0101rl\u016bkojot vietni. Inform\u0101cija tiek lietota anal\u012bzes nol\u016bkos, lai noskaidrotu, kas interes\u0113 vietnes lietot\u0101jus, un var\u0113tu uzlabot vietnes funkcionalit\u0101ti, padar\u012bt to \u0113rt\u0101k lietojamu. Anal\u012btisk\u0101s s\u012bkdatnes identific\u0113 tikai lietot\u0101ja iek\u0101rtu, ta\u010du neizpau\u017e lietot\u0101ja identit\u0101ti. Atsevi\u0161\u0137os gad\u012bjumos da\u017eas no anal\u012btiskaj\u0101m s\u012bkdatn\u0113m vietnes \u012bpa\u0161nieka viet\u0101 saska\u0146\u0101 ar t\u0101 nor\u0101d\u012bjumiem un tikai atbilsto\u0161i nor\u0101d\u012btajiem m\u0113r\u0137iem p\u0101rvalda tre\u0161\u0101s personas datu apstr\u0101d\u0101t\u0101ji (operatori), piem\u0113ram, Google Adwords.<\/p>\n\n\n\n<p>M\u0113r\u0137a (rekl\u0101mas) s\u012bkdatnes izmanto, lai apkopotu inform\u0101ciju par lietot\u0101ja apmekl\u0113taj\u0101m t\u012bmek\u013cvietn\u0113m un pied\u0101v\u0101tu tie\u0161i konkr\u0113tam lietot\u0101jam interes\u0113jo\u0161us m\u016bsu vai sadarb\u012bbas partneru pakalpojumus vai adres\u0113tu konkr\u0113t\u0101 lietot\u0101ja izr\u0101d\u012btajai interesei atbilsto\u0161us pied\u0101v\u0101jumus. Parasti \u0161\u012bs s\u012bkdatnes ar vietnes \u012bpa\u0161nieka at\u013cauju atbilsto\u0161i nor\u0101d\u012btajiem m\u0113r\u0137iem izvieto tre\u0161\u0101s personas. M\u0113r\u0137a s\u012bkdatnes lietot\u0101ja galiek\u0101rt\u0101 tiek uzglab\u0101tas past\u0101v\u012bgi.<\/p>\n\n\n\n<p>P\u0101rzi\u0146a t\u012bmek\u013cvietne tehniski saglab\u0101 inform\u0101ciju (IP adresi, datumu, laiku utt.) par J\u016bsu doto piekri\u0161anu m\u0101jaslapas s\u012bkdat\u0146u izveido\u0161anai J\u016bsu ier\u012bc\u0113, k\u0101 ar\u012b \u2013 inform\u0101ciju (IP adresi, datumu, laiku utt.), kad atsaucat doto piekri\u0161anu t\u012bmek\u013cvietnes s\u012bkdat\u0146u izveido\u0161anai J\u016bsu ier\u012bc\u0113.<\/p>\n\n\n\n<p>P\u0101rzinis izmanto s\u012bkdatnes, lai uzlabotu viet\u0146u un t\u012bmek\u013cvietnes lieto\u0161anas pieredzi:<\/p>\n\n\n\n<ul class=\"wp-block-list\"><li>nodro\u0161in\u0101tu t\u012bmek\u013cvietnes funkcionalit\u0101ti;<\/li><li>piel\u0101gotu t\u012bmek\u013cvietnes funkcionalit\u0101ti lietot\u0101ja lieto\u0161anas paradumiem,tai skait\u0101 valodai, mekl\u0113\u0161anas piepras\u012bjumiem, iepriek\u0161 apskat\u012btajam saturam;<\/li><li>ieg\u016btu statistikas datus par t\u012bmek\u013cvietnes apmekl\u0113t\u0101ju pl\u016bsmu apmekl\u0113t\u0101ju skaitu, t\u012bmek\u013cvietn\u0113 pavad\u012bto laiku u.c.;<\/li><li>lietot\u0101ju autentifik\u0101cijai;<\/li><\/ul>\n\n\n\n<p>Ja nav noteikts cit\u0101di, s\u012bkdatnes tiek glab\u0101tas, kam\u0113r tiek izpild\u012bta darb\u012bba, k\u0101dam nol\u016bkam t\u0101s v\u0101ktas, un p\u0113c tam t\u0101s tiek dz\u0113stas.<\/p>\n\n\n\n<p>S\u012bkdat\u0146u inform\u0101cija netiek nodota apstr\u0101dei \u0101rpus Eiropas Savien\u012bbas un EEZ.<\/p>\n\n\n\n<p><strong>Vietn\u0113 https:\/\/turlavasskola.kuldiga.lv izmantot\u0101s s\u012bkdatnes.<br><br><em>Pirm\u0101s personas sesijas s\u012bkdatne \/ Nepiecie\u0161am\u0101s s\u012bkdatnes<\/em><\/strong><\/p>\n\n\n\n<figure class=\"wp-block-table\"><table><thead><tr><td><strong>Nosaukums<\/strong><\/td><td><strong>Izmanto\u0161anas&nbsp; nol\u016bks<\/strong><\/td><td><strong>Apstr\u0101des ilgums<\/strong><\/td><\/tr><\/thead><tbody><tr><td>f140526ab16ffa936850886b707ac2bd<\/td><td>S\u012bkdatni izmanto, lai noteiktu apmekl\u0113t\u0101ja sesiju.<\/td><td>sesijas laik\u0101<\/td><\/tr><tr><td>f60693c3aec8171b4b67f56323cc691e<\/td><td>Lietot\u0101ja izv\u0113l\u0113t\u0101 valoda port\u0101la apskatei, uzglab\u0101 izv\u0113l\u0113t\u0101s valodas parametrus<\/td><td>1 gads<\/td><\/tr><tr><td>cbeb94c32ede9299a1bbb62095e52226<\/td><td>S\u012bkdatne paredz\u0113ta, lai samazin\u0101tu piepras\u012bjuma l\u012bmeni un lai ierobe\u017eotu datu apkopojumu klientu port\u0101l\u0101 ar lielu apmekl\u0113t\u0101ju skaitu.<\/td><td>1 min\u016bte<\/td><\/tr><tr><td>cookie_0fa0dd8aabfbe7a739de1bdca08872bd<\/td><td>S\u012bkdatni izmanto, lai noteiktu, vai apmekl\u0113t\u0101js ir piekritis s\u012bkdat\u0146u lietojumam<\/td><td>sesijas laik\u0101<\/td><\/tr><\/tbody><\/table><\/figure>\n\n\n\n<p><strong><br><em>Tre\u0161\u0101s personas sesijas s\u012bkdatne<\/em><\/strong><\/p>\n\n\n\n<p><em>Google Analytics<\/em><\/p>\n\n\n\n<p>Vietn\u0113 tiek izmantota juridisk\u0101s personas \u201cGoogle Inc.\u201d izstr\u0101d\u0101t\u0101 programma&nbsp;\u201cGoogle Analytics\u201d. Programma izmanto s\u012bkdatnes, dodot iesp\u0113ju vietnes uztur\u0113t\u0101jam analiz\u0113t, k\u0101 vietne tiek izmantota.<\/p>\n\n\n\n<figure class=\"wp-block-table\"><table><thead><tr><td><strong>Nosaukums<\/strong><\/td><td><strong>Izmanto\u0161anas&nbsp; nol\u016bks<\/strong><\/td><td><strong>Apstr\u0101des ilgums<\/strong><\/td><\/tr><\/thead><tbody><tr><td>_ga<\/td><td>Re\u0123istr\u0113 unik\u0101lu ID, ko izmanto, lai \u0123ener\u0113tu statistikas datus par to, k\u0101 apmekl\u0113t\u0101js izmanto \u0161o vietni.<\/td><td>2 gadi<\/td><\/tr><tr><td>_gid<\/td><td>Re\u0123istr\u0113 unik\u0101lu ID, ko izmanto, lai \u0123ener\u0113tu statistikas datus par to, k\u0101 apmekl\u0113t\u0101js izmanto \u0161o vietni.<\/td><td>1 diena<\/td><\/tr><tr><td>_gat<\/td><td>S\u012bkdatne paredz\u0113ta, lai samazin\u0101tu piepras\u012bjuma l\u012bmeni un lai ierobe\u017eotu datu apkopojumu klientu port\u0101l\u0101 ar lielu apmekl\u0113t\u0101ju skaitu.<\/td><td>1 min\u016bte<\/td><\/tr><tr><td>collect<\/td><td>Izmanto, lai nos\u016bt\u012btu datus uz &#8220;Google Analytics&#8221; par apmekl\u0113t\u0101ja iek\u0101rtu.<\/td><td>sesijas laiks<\/td><\/tr><\/tbody><\/table><\/figure>\n\n\n\n<p><em>Google&nbsp;Youtube<\/em><\/p>\n\n\n\n<p>Vietn\u0113 tiek izmantota juridisk\u0101s personas \u201cGoogle Inc.\u201d izstr\u0101d\u0101t\u0101 programma&nbsp;\u201cYoutube\u201d. Programma izmanto s\u012bkdatnes, dodot iesp\u0113ju vietnes uztur\u0113t\u0101jam analiz\u0113t, k\u0101 vietne tiek izmantota.<\/p>\n\n\n\n<figure class=\"wp-block-table\"><table><thead><tr><td><strong>Nosaukums<\/strong><\/td><td><strong>Izmanto\u0161anas&nbsp; nol\u016bks<\/strong><\/td><td><strong>Apstr\u0101des ilgums<\/strong><\/td><\/tr><\/thead><tbody><tr><td>YSC<\/td><td>Pie\u0161\u0137ir apmekl\u0113t\u0101jam unik\u0101lu identifikatoru, lai saglab\u0101tu statistiku par to, k\u0101dus videoklipus apmekl\u0113t\u0101js no &#8220;YouTube&#8221;&nbsp;ir noskat\u012bjies<\/td><td>sesijas laiks<\/td><\/tr><tr><td>VISITOR_INFO1_LIVE<\/td><td>Nov\u0113rt\u0113 apmekl\u0113t\u0101ja datu p\u0101rraides joslas platumu, ko izmanto, lai p\u0101rraid\u012btu atbilsto\u0161a att\u0113lu kvalit\u0101tes &#8220;YouTube&#8221;&nbsp;videoklipu<\/td><td>5 m\u0113ne\u0161i 27&nbsp;diena<\/td><\/tr><tr><td>CONSENT<\/td><td>Uzst\u0101d\u0101s apsaktot lap\u0101 ievietoto youtubes video, tas re\u0123istr\u0113 anon\u012bmus statistikas datus par to cik reizes video ir skat\u012bts un k\u0101di iestat\u012bjumi tiek izmantoti video apskatei. Sensat\u012bvie dati netiek iev\u0101kti.&nbsp;&nbsp;<\/td><td>&nbsp;16 gadi 5 m\u0113ne\u0161i<\/td><\/tr><tr><td>yt-remote-device-id<\/td><td>Saglab\u0101 lietot\u0101ja video atska\u0146o\u0161anas iestat\u012bjumus, izmantojot vietn\u0113 eso\u0161os \u201cYouTube\u201d videoklipus<\/td><td>patst\u0101v\u012bgi<\/td><\/tr><tr><td>yt-remote-connected-devices<\/td><td>Saglab\u0101 lietot\u0101ja video atska\u0146o\u0161anas iestat\u012bjumus, izmantojot vietn\u0113 eso\u0161os \u201cYouTube\u201d videoklipus<\/td><td>patst\u0101v\u012bgi<\/td><\/tr><\/tbody><\/table><\/figure>\n\n\n\n<p><em>Citas m\u0101rketinga s\u012bkdatnes<\/em><\/p>\n\n\n\n<p>\u0160\u012bs s\u012bkdatnes nosaka citi uz\u0146\u0113mumi, kuru pied\u0101v\u0101to funkcionalit\u0101ti izmanto vai kuru funkcionalit\u0101te ir saist\u012bta ar https:\/\/kuldiga.lv.<\/p>\n\n\n\n<figure class=\"wp-block-table\"><table><thead><tr><td><strong>Nosaukums<\/strong><\/td><td><strong>Izmanto\u0161anas&nbsp; nol\u016bks<\/strong><\/td><td><strong>Apstr\u0101des ilgums<\/strong><\/td><\/tr><\/thead><tbody><tr><td>test_cookie<\/td><td>Izmanto &#8220;doubleclick.net&#8221;, lai noteiktu vai apmekl\u0113t\u0101ja iek\u0101rta atbalsta s\u012bkdatnes<\/td><td>15 minutes<\/td><\/tr><tr><td>IDE<\/td><td>&#8220;Google DoubleClick.net&#8221;&nbsp;vietnes izmantot\u0101 s\u012bkdatne, lai re\u0123istr\u0113tu un zi\u0146otu par t\u012bmek\u013ca vietnes apmekl\u0113t\u0101ja darb\u012bb\u0101m p\u0113c apskates vai noklik\u0161\u0137in\u0101\u0161anas uz k\u0101d\u0101 no rekl\u0101mdev\u0113ja rekl\u0101m\u0101m, lai m\u0113r\u012btu rekl\u0101mas efektivit\u0101ti un r\u0101d\u012btu&nbsp;lietot\u0101jam l\u012bdz\u012bg\u0101s rekl\u0101mas<\/td><td>1 gads 24 dienas<\/td><\/tr><\/tbody><\/table><\/figure>\n\n\n\n<p>Apmekl\u0113jot P\u0101rzi\u0146a t\u012bmek\u013cvietni, lietot\u0101jam tiek att\u0113lots logs ar zi\u0146ojumu par to, ka t\u012bmek\u013cvietn\u0113 tiek izmantotas s\u012bkdatnes. Aizverot \u0161o zi\u0146ojuma logu, lietot\u0101js apstiprina, ka ir iepazinies ar inform\u0101ciju par s\u012bkdatn\u0113m, to izmanto\u0161anas nol\u016bkiem, gad\u012bjumiem, kad to inform\u0101cija tiek nodota tre\u0161ajai personai, un tiem piekr\u012bt. Attiec\u012bgi, s\u012bkdat\u0146u izmanto\u0161anas tiesiskais pamats ir lietot\u0101ja piekri\u0161ana.<\/p>\n\n\n\n<p>Ikvienas t\u012bmek\u013ca p\u0101rl\u016bkprogrammas dro\u0161\u012bbas iestat\u012bjumos iesp\u0113jama s\u012bkdat\u0146u ierobe\u017eo\u0161ana un dz\u0113\u0161ana. Tom\u0113r j\u0101\u0146em v\u0113r\u0101, ka nevar atteikties no oblig\u0101to un funkcion\u0101lo s\u012bkdat\u0146u lieto\u0161anas, jo bez t\u0101m t\u012bmek\u013cvietnes pilnv\u0113rt\u012bgas lieto\u0161anas nodro\u0161in\u0101\u0161ana nav iesp\u0113jama.<\/p>\n\n\n\n<p>Vislab\u0101kajai lietot\u0101ja pieredzei un pilnv\u0113rt\u012bgai t\u012bmek\u013cvietnes darb\u012bbai iesak\u0101m s\u012bkdatnes saglab\u0101t.<\/p>\n\n\n\n<p>Ja Jums ir jaut\u0101jumi par s\u012bkdat\u0146u izmanto\u0161anu, l\u016bdzu sazinieties ar datu aizsardz\u012bbas speci\u0101listu, rakstot e-pastu uz adresi&nbsp;<a href=\"mailto:das@idagentura.lv\">DAS@IDAGENTURA.LV<\/a>.<\/p>\n\n\n\n<p>P\u0101rzi\u0146a m\u0101jaslap\u0101 var tikt ievietotas saites uz tre\u0161o personu interneta m\u0101jaslap\u0101m, kur\u0101m ir savi lieto\u0161anas un personas datu aizsardz\u012bbas noteikumi, par ko P\u0101rzinis nenes atbild\u012bbu. P\u0101rzinim ir ties\u012bbas veikt papildin\u0101jumus politik\u0101, padarot pieejamu Klientam t\u0101 aktu\u0101lo versiju ievietojot P\u0101rzi\u0146a m\u0101jaslap\u0101<\/p>\n\n\n\n<p><strong>S\u012bkdat\u0146u kontrol\u0113\u0161ana un dz\u0113\u0161ana<\/strong><\/p>\n\n\n\n<p>Ja v\u0113laties, J\u016bs varat s\u012bkdatnes kontrol\u0113t vai dz\u0113st. Liel\u0101ko da\u013cu t\u012bmek\u013ca p\u0101rl\u016bkprogrammu var iestat\u012bt t\u0101, lai tiktu blo\u0137\u0113ta s\u012bkdat\u0146u saglab\u0101\u0161ana ier\u012bc\u0113. Vien\u012bgi j\u0101\u0146em v\u0113r\u0101, ka tad atsevi\u0161\u0137i iestat\u012bjumi b\u016bs j\u0101piel\u0101go katru reizi, kad apmekl\u0113siet vietni, turkl\u0101t iesp\u0113jams, ka da\u017ei pakalpojumi un funkcijas taj\u0101 nedarbosies.<\/p>\n\n\n\n<p>Parasti ir iesp\u0113jams main\u012bt p\u0101rl\u016bkprogrammas iestat\u012bjumus atbilsto\u0161i nor\u0101d\u012bjumiem, kas visbie\u017e\u0101k atrodas sada\u013c\u0101 \u201cPal\u012bdz\u012bba\u201d, \u201cR\u012bki\u201d vai \u201cRedi\u0123\u0113\u0161ana\u201d.<\/p>\n\n\n\n<p>Papildu inform\u0101ciju par s\u012bkdatn\u0113m, tostarp par to, k\u0101das s\u012bkdatnes ir iestat\u012btas J\u016bsu dator\u0101 un k\u0101 t\u0101s iesp\u0113jams p\u0101rvald\u012bt vai izdz\u0113st, varat ieg\u016bt m\u0101jaslap\u0101:&nbsp;<a href=\"https:\/\/www.aboutcookies.org\/\">HTTPS:\/\/WWW.ABOUTCOOKIES.ORG\/<\/a><\/p>\n","protected":false},"excerpt":{"rendered":"<p>Turlavas pamatskolas s\u012bkdat\u0146u izmanto\u0161anas politika Turlavas pamatskolas, turpm\u0101k &#8211; P\u0101rzinis, s\u012bkdat\u0146u izmanto\u0161anas politikas m\u0113r\u0137is ir sniegt fiziskajai personai\/klientam \u2013 inform\u0101ciju par s\u012bkdat\u0146u izmanto\u0161anas nosac\u012bjumiem. S\u012bkdatnes ir mazas teksta datnes, kuras t\u012bmek\u013ca p\u0101rl\u016bkprogramma (piem\u0113ram, Internet, Explorer, Firexox, Safari u.c.) saglab\u0101 lietot\u0101ja galiek\u0101rt\u0101 (dator\u0101, mobilaj\u0101 t\u0101lrun\u012b, plan\u0161et\u0113) br\u012bd\u012b, kad lietot\u0101js apmekl\u0113 t\u012bmek\u013ca vietni, lai identific\u0113tu p\u0101rl\u016bkprogrammu vai &hellip; <\/p>\n<p class=\"link-more\"><a href=\"https:\/\/turlavasskola.kuldiga.lv\/index.php\/sikdatnu-politika\/\" class=\"more-link\">Turpin\u0101t las\u012bt<span class=\"screen-reader-text\"> &#8220;S\u012bkdat\u0146u politika&#8221;<\/span><\/a><\/p>\n","protected":false},"author":4,"featured_media":0,"parent":0,"menu_order":0,"comment_status":"closed","ping_status":"closed","template":"","meta":{"footnotes":""},"class_list":["post-481","page","type-page","status-publish","hentry"],"_links":{"self":[{"href":"https:\/\/turlavasskola.kuldiga.lv\/index.php\/wp-json\/wp\/v2\/pages\/481"}],"collection":[{"href":"https:\/\/turlavasskola.kuldiga.lv\/index.php\/wp-json\/wp\/v2\/pages"}],"about":[{"href":"https:\/\/turlavasskola.kuldiga.lv\/index.php\/wp-json\/wp\/v2\/types\/page"}],"author":[{"embeddable":true,"href":"https:\/\/turlavasskola.kuldiga.lv\/index.php\/wp-json\/wp\/v2\/users\/4"}],"replies":[{"embeddable":true,"href":"https:\/\/turlavasskola.kuldiga.lv\/index.php\/wp-json\/wp\/v2\/comments?post=481"}],"version-history":[{"count":2,"href":"https:\/\/turlavasskola.kuldiga.lv\/index.php\/wp-json\/wp\/v2\/pages\/481\/revisions"}],"predecessor-version":[{"id":484,"href":"https:\/\/turlavasskola.kuldiga.lv\/index.php\/wp-json\/wp\/v2\/pages\/481\/revisions\/484"}],"wp:attachment":[{"href":"https:\/\/turlavasskola.kuldiga.lv\/index.php\/wp-json\/wp\/v2\/media?parent=481"}],"curies":[{"name":"wp","href":"https:\/\/api.w.org\/{rel}","templated":true}]}}